{"id":101,"date":"2019-06-10T15:11:06","date_gmt":"2019-06-10T13:11:06","guid":{"rendered":"http:\/\/localhost\/wypozyczalniazamkow\/?page_id=101"},"modified":"2019-06-28T13:37:56","modified_gmt":"2019-06-28T11:37:56","slug":"zycie-szkoly","status":"publish","type":"page","link":"https:\/\/ckziusroda.edu.pl\/index.php\/zycie-szkoly\/","title":{"rendered":"\u017bycie szko\u0142y"},"content":{"rendered":"<ol>\n<li><a href=\"http:\/\/info-omer.home.pl\/autoinstalator\/wordpressplugins5\/index.php\/zycie-szkoly\/wycieczki\/\" target=\"_blank\" rel=\"noopener noreferrer\">Wycieczki<\/a><\/li>\n<li><a href=\"http:\/\/info-omer.home.pl\/autoinstalator\/wordpressplugins5\/index.php\/zycie-szkoly\/wydarzenia\/\" target=\"_blank\" rel=\"noopener noreferrer\">Wydarzenia<\/a><\/li>\n<li><a href=\"http:\/\/info-omer.home.pl\/autoinstalator\/wordpressplugins5\/index.php\/zycie-szkoly\/zawody-sportowe\/\" target=\"_blank\" rel=\"noopener noreferrer\">Zawody sportowe<\/a><\/li>\n<li><a href=\"http:\/\/info-omer.home.pl\/autoinstalator\/wordpressplugins5\/index.php\/zycie-szkoly\/strona-glowna\/\" target=\"_blank\" rel=\"noopener noreferrer\">Ankiety<\/a><\/li>\n<li><a href=\"http:\/\/info-omer.home.pl\/autoinstalator\/wordpressplugins5\/index.php\/zycie-szkoly\/konkursy\/\" target=\"_blank\" rel=\"noopener noreferrer\">Konkursy<\/a><\/li>\n<li><a href=\"http:\/\/info-omer.home.pl\/autoinstalator\/wordpressplugins5\/index.php\/zycie-szkoly\/osiagniecia\/\" target=\"_blank\" rel=\"noopener noreferrer\">Osi\u0105gni\u0119cia<\/a><\/li>\n<li><a href=\"http:\/\/info-omer.home.pl\/autoinstalator\/wordpressplugins5\/index.php\/zycie-szkoly\/tydzien-kultury\/\" target=\"_blank\" rel=\"noopener noreferrer\">Tydzie\u0144 kultury<\/a><\/li>\n<\/ol>\n","protected":false},"excerpt":{"rendered":"<p>Wycieczki Wydarzenia Zawody sportowe Ankiety Konkursy Osi\u0105gni\u0119cia Tydzie\u0144 kultury<\/p>\n","protected":false},"author":1,"featured_media":0,"parent":0,"menu_order":0,"comment_status":"closed","ping_status":"closed","template":"","meta":{"footnotes":""},"class_list":["post-101","page","type-page","status-publish","hentry"],"_links":{"self":[{"href":"https:\/\/ckziusroda.edu.pl\/index.php\/wp-json\/wp\/v2\/pages\/101","targetHints":{"allow":["GET"]}}],"collection":[{"href":"https:\/\/ckziusroda.edu.pl\/index.php\/wp-json\/wp\/v2\/pages"}],"about":[{"href":"https:\/\/ckziusroda.edu.pl\/index.php\/wp-json\/wp\/v2\/types\/page"}],"author":[{"embeddable":true,"href":"https:\/\/ckziusroda.edu.pl\/index.php\/wp-json\/wp\/v2\/users\/1"}],"replies":[{"embeddable":true,"href":"https:\/\/ckziusroda.edu.pl\/index.php\/wp-json\/wp\/v2\/comments?post=101"}],"version-history":[{"count":3,"href":"https:\/\/ckziusroda.edu.pl\/index.php\/wp-json\/wp\/v2\/pages\/101\/revisions"}],"predecessor-version":[{"id":1479,"href":"https:\/\/ckziusroda.edu.pl\/index.php\/wp-json\/wp\/v2\/pages\/101\/revisions\/1479"}],"wp:attachment":[{"href":"https:\/\/ckziusroda.edu.pl\/index.php\/wp-json\/wp\/v2\/media?parent=101"}],"curies":[{"name":"wp","href":"https:\/\/api.w.org\/{rel}","templated":true}]}}