{"id":113,"date":"2019-06-10T15:14:43","date_gmt":"2019-06-10T13:14:43","guid":{"rendered":"http:\/\/localhost\/wypozyczalniazamkow\/?page_id=113"},"modified":"2019-10-04T20:56:47","modified_gmt":"2019-10-04T18:56:47","slug":"hymn","status":"publish","type":"page","link":"https:\/\/ckziusroda.edu.pl\/index.php\/o-szkole\/hymn\/","title":{"rendered":"Hymn"},"content":{"rendered":"<p style=\"text-align: justify;\">W ramach obchod\u00f3w 60-lecia naszej szko\u0142y, kt\u00f3re odby\u0142y si\u0119 w czerwcu 2008r. powsta\u0142 okoliczno\u015bciowy hymn szko\u0142y. By godnie uczci\u0107 pami\u0119\u0107 naszego Patrona Hipolita Cegielskiego, postanowili\u015bmy wznowi\u0107 \u015bpiewanie hymnu, na ka\u017cdej oficjalnej uroczysto\u015bci szkolnej.<\/p>\n<p style=\"text-align: justify;\">Tekst i muzyk\u0119 udost\u0119pniamy poni\u017cej.<\/p>\n<p>POS\u0141UCHAJ HYMNU<\/p>\n<div class=\"ose-self-hosterd ose-uid-edc6af4a599f093f47c77cc7ddc53704 ose-embedpress-responsive\" style=\"width:600px; height:550px; max-height:550px; max-width:100%; display:inline-block;\"><audio controls> <source src=\"http:\/\/ckziusroda.edu.pl\/nasza_szkola\/hymn.mp3\" ><\/audio><\/div>\n<p>&nbsp;<\/p>\n<p style=\"text-align: left;\" align=\"center\"><b><u>HYMN SZKO\u0141Y<\/u><\/b><\/p>\n<p>Pod imieniem Hipolita<br \/>\nNasz\u0105 szko\u0142\u0119 ka\u017cdy zna,<br \/>\nKt\u00f3rej s\u0142awa nie zaginie,<br \/>\nP\u00f3ki dzwonka serce drga.<\/p>\n<p>S\u0142awi\u0107 imi\u0119 Cegielskiego<br \/>\nTo tradycji naszej ni\u0107,<br \/>\nTo wskazuje nam jak dobrze<br \/>\nI jak m\u0105drze mamy \u017cy\u0107.<\/p>\n<p>Gdzie\u015b po latach w wielkim \u015bwiecie<br \/>\nWspomnij czasem szkolny gwar,<br \/>\nKorytarze, klasy, twarze<br \/>\nI m\u0142odo\u015bci swojej czar.<\/p>\n","protected":false},"excerpt":{"rendered":"<p>W ramach obchod\u00f3w 60-lecia naszej szko\u0142y, kt\u00f3re odby\u0142y si\u0119 w czerwcu 2008r. powsta\u0142 okoliczno\u015bciowy hymn szko\u0142y. By godnie uczci\u0107 pami\u0119\u0107 &hellip; <\/p>\n","protected":false},"author":1,"featured_media":0,"parent":67,"menu_order":0,"comment_status":"closed","ping_status":"closed","template":"","meta":{"footnotes":""},"class_list":["post-113","page","type-page","status-publish","hentry"],"_links":{"self":[{"href":"https:\/\/ckziusroda.edu.pl\/index.php\/wp-json\/wp\/v2\/pages\/113","targetHints":{"allow":["GET"]}}],"collection":[{"href":"https:\/\/ckziusroda.edu.pl\/index.php\/wp-json\/wp\/v2\/pages"}],"about":[{"href":"https:\/\/ckziusroda.edu.pl\/index.php\/wp-json\/wp\/v2\/types\/page"}],"author":[{"embeddable":true,"href":"https:\/\/ckziusroda.edu.pl\/index.php\/wp-json\/wp\/v2\/users\/1"}],"replies":[{"embeddable":true,"href":"https:\/\/ckziusroda.edu.pl\/index.php\/wp-json\/wp\/v2\/comments?post=113"}],"version-history":[{"count":8,"href":"https:\/\/ckziusroda.edu.pl\/index.php\/wp-json\/wp\/v2\/pages\/113\/revisions"}],"predecessor-version":[{"id":2127,"href":"https:\/\/ckziusroda.edu.pl\/index.php\/wp-json\/wp\/v2\/pages\/113\/revisions\/2127"}],"up":[{"embeddable":true,"href":"https:\/\/ckziusroda.edu.pl\/index.php\/wp-json\/wp\/v2\/pages\/67"}],"wp:attachment":[{"href":"https:\/\/ckziusroda.edu.pl\/index.php\/wp-json\/wp\/v2\/media?parent=113"}],"curies":[{"name":"wp","href":"https:\/\/api.w.org\/{rel}","templated":true}]}}