{"id":1405,"date":"2019-06-28T11:35:44","date_gmt":"2019-06-28T09:35:44","guid":{"rendered":"http:\/\/info-omer.home.pl\/autoinstalator\/wordpressplugins5\/?page_id=1405"},"modified":"2024-06-06T21:54:20","modified_gmt":"2024-06-06T19:54:20","slug":"fryzjer","status":"publish","type":"page","link":"https:\/\/ckziusroda.edu.pl\/index.php\/dla-rodzicow\/praktyki-zawodowe\/fryzjer\/","title":{"rendered":"fryzjer"},"content":{"rendered":"<table border=\"1\" frame=\"void\" rules=\"rows\" cellspacing=\"0\" cellpadding=\"6\" align=\"center\">\n<tbody>\n<tr>\n<td colspan=\"3\">\n<h2 class=\"n1\">Zaw\u00f3d &#8211; fryzjer<\/h2>\n<\/td>\n<\/tr>\n<tr>\n<th align=\"left\" width=\"300\">Nazwa zak\u0142adu pracy<\/th>\n<th align=\"left\" width=\"200\">Adres<\/th>\n<th width=\"150\"><\/th>\n<\/tr>\n<tr>\n<td>FLORA PLUS<br \/>\nMicha\u0142 Zi\u0119tkowski<\/td>\n<td>Plac Ko\u015bcielny 4,<br \/>\n\u015aroda Wlkp.,<\/td>\n<td align=\"center\"><\/td>\n<\/tr>\n<tr>\n<td><\/td>\n<td><\/td>\n<td align=\"center\"><\/td>\n<\/tr>\n<tr>\n<td>PRACOWNIA FRYZJERSKA<br \/>\nAnna Wieczorek<\/td>\n<td>Plac Ko\u015bcielny 6,<br \/>\n\u015aroda Wlkp.<\/td>\n<td align=\"center\"><\/td>\n<\/tr>\n<tr>\n<td>SALON FRYZJERSKI<br \/>\nKarolina Kr\u00f3l<\/td>\n<td>ul. K\u00f3rnicka 30A,<br \/>\n\u015aroda Wlkp.,<\/td>\n<td align=\"center\"><\/td>\n<\/tr>\n<tr>\n<td>ZAK\u0141AD FRYZJERSKI<br \/>\nAgnieszka Zawadzka<\/td>\n<td>ul. Sportowa 5B,<br \/>\n\u015aroda Wlkp.<\/td>\n<td align=\"center\"><\/td>\n<\/tr>\n<tr>\n<td>Studio Fryzur CLEO<br \/>\nJustyna Opas<\/td>\n<td>ul. Przecznica,<br \/>\n\u015aroda Wlkp.<br \/>\ntel. 798-404-649<\/td>\n<td align=\"center\"><\/td>\n<\/tr>\n<tr>\n<td>Studio Fryzjerskie \u201eU Ewy\u201d<br \/>\nEwa Rubach<\/td>\n<td>ul. Wrzesi\u0144ska 11,<br \/>\n\u015aroda Wlkp.<\/td>\n<td align=\"center\"><\/td>\n<\/tr>\n<tr>\n<td>Studio \u201ePERFECT\u201d,<br \/>\nAgnieszka Jendraszak<\/td>\n<td>ul. Daszy\u0144skiego 7,<br \/>\n\u015aroda Wlkp.<\/td>\n<td align=\"center\"><\/td>\n<\/tr>\n<tr>\n<td>Salon Fryzjerski \u201eVENUS\u201d,<br \/>\nDorota Straty\u0144ska<\/td>\n<td>ul. Paderewskiego 20,<br \/>\n\u015aroda Wlkp.<br \/>\n693-192-213<\/td>\n<td align=\"center\"><\/td>\n<\/tr>\n<tr>\n<td>SALON FRYZJERSKI \u201eURODA\u201d<br \/>\nS\u0142awomir Marciniak<\/td>\n<td>ul. Edwarda Raczy\u0144skiego 35,<br \/>\nZaniemy\u015bl<br \/>\n605-557-231<\/td>\n<td align=\"center\"><\/td>\n<\/tr>\n<tr>\n<td>HAIR-SPA Salon Fryzur,<br \/>\nAgnieszka Sobczak<\/td>\n<td>ul. \u0141\u0105kowa 12,<br \/>\nMi\u0142os\u0142aw<br \/>\n607-362-714<\/td>\n<td align=\"center\"><\/td>\n<\/tr>\n<tr>\n<td><\/td>\n<td><\/td>\n<td align=\"center\"><\/td>\n<\/tr>\n<tr>\n<td>Studio Urody \u201eLADY\u201d,<br \/>\nPaulina Szyma\u0144ska<\/td>\n<td>ul. Sportowa 7c,<br \/>\n\u015aroda Wlkp.<br \/>\n791-989-176<\/td>\n<td align=\"center\"><\/td>\n<\/tr>\n<tr>\n<td>Ma\u0142gorzata Krajewska<\/td>\n<td>ul. Szkolna 11,<br \/>\nKrzykosy<br \/>\n514-123-416<\/td>\n<\/tr>\n<tr>\n<td>ANNA WIECZOREK PRACOWNIA FRYZJERSKA<\/td>\n<td>pl. Ko\u015bcielny 6,<br \/>\n\u015aroda Wielkopolska<br \/>\n502057900<\/td>\n<\/tr>\n<\/tbody>\n<\/table>\n","protected":false},"excerpt":{"rendered":"<p>Zaw\u00f3d &#8211; fryzjer Nazwa zak\u0142adu pracy Adres FLORA PLUS Micha\u0142 Zi\u0119tkowski Plac Ko\u015bcielny 4, \u015aroda Wlkp., PRACOWNIA FRYZJERSKA Anna Wieczorek &hellip; <\/p>\n","protected":false},"author":2,"featured_media":0,"parent":125,"menu_order":0,"comment_status":"closed","ping_status":"closed","template":"","meta":{"footnotes":""},"class_list":["post-1405","page","type-page","status-publish","hentry"],"_links":{"self":[{"href":"https:\/\/ckziusroda.edu.pl\/index.php\/wp-json\/wp\/v2\/pages\/1405","targetHints":{"allow":["GET"]}}],"collection":[{"href":"https:\/\/ckziusroda.edu.pl\/index.php\/wp-json\/wp\/v2\/pages"}],"about":[{"href":"https:\/\/ckziusroda.edu.pl\/index.php\/wp-json\/wp\/v2\/types\/page"}],"author":[{"embeddable":true,"href":"https:\/\/ckziusroda.edu.pl\/index.php\/wp-json\/wp\/v2\/users\/2"}],"replies":[{"embeddable":true,"href":"https:\/\/ckziusroda.edu.pl\/index.php\/wp-json\/wp\/v2\/comments?post=1405"}],"version-history":[{"count":9,"href":"https:\/\/ckziusroda.edu.pl\/index.php\/wp-json\/wp\/v2\/pages\/1405\/revisions"}],"predecessor-version":[{"id":8405,"href":"https:\/\/ckziusroda.edu.pl\/index.php\/wp-json\/wp\/v2\/pages\/1405\/revisions\/8405"}],"up":[{"embeddable":true,"href":"https:\/\/ckziusroda.edu.pl\/index.php\/wp-json\/wp\/v2\/pages\/125"}],"wp:attachment":[{"href":"https:\/\/ckziusroda.edu.pl\/index.php\/wp-json\/wp\/v2\/media?parent=1405"}],"curies":[{"name":"wp","href":"https:\/\/api.w.org\/{rel}","templated":true}]}}