{"id":1407,"date":"2019-06-28T11:36:51","date_gmt":"2019-06-28T09:36:51","guid":{"rendered":"http:\/\/info-omer.home.pl\/autoinstalator\/wordpressplugins5\/?page_id=1407"},"modified":"2024-05-13T12:54:59","modified_gmt":"2024-05-13T10:54:59","slug":"kucharz","status":"publish","type":"page","link":"https:\/\/ckziusroda.edu.pl\/index.php\/dla-rodzicow\/praktyki-zawodowe\/kucharz\/","title":{"rendered":"kucharz"},"content":{"rendered":"<table border=\"1\" frame=\"void\" rules=\"rows\" cellspacing=\"0\" cellpadding=\"6\" align=\"center\">\n<tbody>\n<tr>\n<td colspan=\"4\">\n<h2 class=\"n1\">Zaw\u00f3d &#8211; kucharz<\/h2>\n<\/td>\n<\/tr>\n<tr>\n<th align=\"left\" width=\"300\">Nazwa zak\u0142adu pracy<\/th>\n<th align=\"left\" width=\"200\">Adres<\/th>\n<th align=\"center\" width=\"150\">Strona WWW<\/th>\n<th width=\"10\"><\/th>\n<\/tr>\n<tr>\n<td>Restauracja Bia\u0142a Dama<\/td>\n<td>Plac Niepodleg\u0142o\u015bci 20,<br \/>\n62-035 K\u00f3rnik<br \/>\ntel. 795-447-607<\/td>\n<td align=\"center\"><a href=\"https:\/\/restauracjabialadama.pl\/\" target=\"_blank\" rel=\"noopener noreferrer\">www.restauracjabialadama.pl<\/a><\/td>\n<\/tr>\n<tr>\n<td>Hotel \u201eALMARCO\u201d<br \/>\nMarek Zbierski<br \/>\n<img decoding=\"async\" class=\"wp-image-5677 alignleft\" src=\"https:\/\/ckziusroda.edu.pl\/wp-content\/uploads\/2021\/04\/almarco-1024x1024.png\" alt=\"\" width=\"133\" height=\"133\" srcset=\"https:\/\/ckziusroda.edu.pl\/wp-content\/uploads\/2021\/04\/almarco-1024x1024.png 1024w, https:\/\/ckziusroda.edu.pl\/wp-content\/uploads\/2021\/04\/almarco-150x150.png 150w, https:\/\/ckziusroda.edu.pl\/wp-content\/uploads\/2021\/04\/almarco-300x300.png 300w, https:\/\/ckziusroda.edu.pl\/wp-content\/uploads\/2021\/04\/almarco-768x768.png 768w, https:\/\/ckziusroda.edu.pl\/wp-content\/uploads\/2021\/04\/almarco-692x692.png 692w, https:\/\/ckziusroda.edu.pl\/wp-content\/uploads\/2021\/04\/almarco-70x70.png 70w, https:\/\/ckziusroda.edu.pl\/wp-content\/uploads\/2021\/04\/almarco-246x246.png 246w, https:\/\/ckziusroda.edu.pl\/wp-content\/uploads\/2021\/04\/almarco-276x276.png 276w, https:\/\/ckziusroda.edu.pl\/wp-content\/uploads\/2021\/04\/almarco-125x125.png 125w, https:\/\/ckziusroda.edu.pl\/wp-content\/uploads\/2021\/04\/almarco.png 1667w\" sizes=\"(max-width: 133px) 100vw, 133px\" \/><\/td>\n<td>ul. Niedzia\u0142kowskiego 17,<br \/>\n\u015aroda Wlkp.<br \/>\ntel. 61 285 33 33<\/td>\n<td align=\"center\"><a href=\"https:\/\/www.almarco.pl\" target=\"_blank\" rel=\"noopener noreferrer\">www.almarco.pl<\/a><\/td>\n<\/tr>\n<tr>\n<td>Bar MAX<br \/>\nJaros\u0142aw Jakubiak<br \/>\n<img decoding=\"async\" class=\"wp-image-5680 alignleft\" src=\"https:\/\/ckziusroda.edu.pl\/wp-content\/uploads\/2021\/04\/bar-max-1024x256.png\" alt=\"\" width=\"192\" height=\"48\" srcset=\"https:\/\/ckziusroda.edu.pl\/wp-content\/uploads\/2021\/04\/bar-max-1024x256.png 1024w, https:\/\/ckziusroda.edu.pl\/wp-content\/uploads\/2021\/04\/bar-max-300x75.png 300w, https:\/\/ckziusroda.edu.pl\/wp-content\/uploads\/2021\/04\/bar-max-768x192.png 768w, https:\/\/ckziusroda.edu.pl\/wp-content\/uploads\/2021\/04\/bar-max.png 1547w\" sizes=\"(max-width: 192px) 100vw, 192px\" \/><\/td>\n<td>ul. Paderewskiego 15,<br \/>\n\u015aroda Wlkp.,<br \/>\ntel. 514 968 256<\/td>\n<td align=\"center\"><a href=\"https:\/\/maxrestauracje.pl\" target=\"_blank\" rel=\"noopener noreferrer\">www.maxrestauracje.pl<\/a><\/td>\n<\/tr>\n<tr>\n<td><\/td>\n<td><\/td>\n<td align=\"center\"><\/td>\n<\/tr>\n<tr>\n<td>Cafe Tosca s.c.<br \/>\nR\u00f3\u017ca i Jacek Nowiccy<\/td>\n<td>ul. Paderewskiego 2\/1<br \/>\n\u015aroda Wlkp.<br \/>\ntel. 664 969 227<\/td>\n<td align=\"center\"><a href=\"http:\/\/www.salacechowa.pl\/\" target=\"_blank\" rel=\"noopener noreferrer\">www.salacechowa.pl<\/a><\/td>\n<\/tr>\n<tr>\n<td><\/td>\n<td><\/td>\n<td align=\"center\"><\/td>\n<\/tr>\n<tr>\n<td>Sto\u0142\u00f3wki Gminne<br \/>\n<img decoding=\"async\" class=\"wp-image-5690 alignleft\" src=\"https:\/\/ckziusroda.edu.pl\/wp-content\/uploads\/2021\/04\/sto\u0142\u00f3wki-gminne.png\" alt=\"\" width=\"103\" height=\"104\" srcset=\"https:\/\/ckziusroda.edu.pl\/wp-content\/uploads\/2021\/04\/sto\u0142\u00f3wki-gminne.png 216w, https:\/\/ckziusroda.edu.pl\/wp-content\/uploads\/2021\/04\/sto\u0142\u00f3wki-gminne-150x150.png 150w, https:\/\/ckziusroda.edu.pl\/wp-content\/uploads\/2021\/04\/sto\u0142\u00f3wki-gminne-70x70.png 70w, https:\/\/ckziusroda.edu.pl\/wp-content\/uploads\/2021\/04\/sto\u0142\u00f3wki-gminne-125x125.png 125w\" sizes=\"(max-width: 103px) 100vw, 103px\" \/><\/td>\n<td>Plac Zamkowy 1,<br \/>\n\u015aroda Wlkp.<br \/>\ntel. 61 287 07 72<\/td>\n<td align=\"center\"><a href=\"http:\/\/www.stolowki.gminne.sroda.wlkp.pl\/\" target=\"_blank\" rel=\"noopener noreferrer\">www.stolowki.gminne.sroda.wlkp.pl<\/a><\/td>\n<\/tr>\n<tr>\n<td>Hotel Restaurant \u201eBOSS\u201d,<br \/>\nAnna G\u0142owacka<br \/>\n<img decoding=\"async\" class=\"wp-image-5692 alignleft\" src=\"https:\/\/ckziusroda.edu.pl\/wp-content\/uploads\/2021\/04\/hotel-boss.png\" alt=\"\" width=\"147\" height=\"81\" \/><\/td>\n<td>Plac Wiosny Lud\u00f3w 16,<br \/>\nMi\u0142os\u0142aw<br \/>\n61-438-20-18<\/td>\n<td align=\"center\"><a href=\"https:\/\/hotelboss.info\/\" target=\"_blank\" rel=\"noopener noreferrer\">www.hotelboss.info<\/a><\/td>\n<\/tr>\n<tr>\n<td>Hotel \u2013 Restauracja \u201eWielkopolanka\u201d<br \/>\nDanuta Wi\u015bniewska<br \/>\n<img decoding=\"async\" class=\"wp-image-5695 alignleft\" src=\"https:\/\/ckziusroda.edu.pl\/wp-content\/uploads\/2021\/04\/wielkopolanka.png\" alt=\"\" width=\"234\" height=\"42\" srcset=\"https:\/\/ckziusroda.edu.pl\/wp-content\/uploads\/2021\/04\/wielkopolanka.png 284w, https:\/\/ckziusroda.edu.pl\/wp-content\/uploads\/2021\/04\/wielkopolanka-276x51.png 276w\" sizes=\"(max-width: 234px) 100vw, 234px\" \/><\/td>\n<td>P\u0119tkowo 3<br \/>\n61-285-38-03<\/td>\n<td align=\"center\"><a href=\"https:\/\/www.hotelwielkopolanka.pl\/\" target=\"_blank\" rel=\"noopener noreferrer\">www.hotelwielkopolanka.pl<\/a><\/td>\n<\/tr>\n<tr>\n<td><\/td>\n<td><\/td>\n<\/tr>\n<tr>\n<td>Restauracja &#8220;Dwa Smaki&#8221;<br \/>\nMicha\u0142 \u0141obza<br \/>\n<img decoding=\"async\" class=\"wp-image-5700 alignleft\" src=\"https:\/\/ckziusroda.edu.pl\/wp-content\/uploads\/2021\/04\/dwa-smaki-1.jpg\" alt=\"\" width=\"126\" height=\"118\" srcset=\"https:\/\/ckziusroda.edu.pl\/wp-content\/uploads\/2021\/04\/dwa-smaki-1.jpg 945w, https:\/\/ckziusroda.edu.pl\/wp-content\/uploads\/2021\/04\/dwa-smaki-1-300x282.jpg 300w, https:\/\/ckziusroda.edu.pl\/wp-content\/uploads\/2021\/04\/dwa-smaki-1-768x721.jpg 768w, https:\/\/ckziusroda.edu.pl\/wp-content\/uploads\/2021\/04\/dwa-smaki-1-737x692.jpg 737w\" sizes=\"(max-width: 126px) 100vw, 126px\" \/><\/td>\n<td>ul. \u015aredzka 6,<br \/>\n63-020 Zaniemy\u015bl<br \/>\n792-470-000<\/td>\n<td align=\"center\"><a href=\"https:\/\/www.restauracjadwasmaki.pl\" target=\"_blank\" rel=\"noopener noreferrer\">www.restauracjadwasmaki.pl<\/a><\/td>\n<\/tr>\n<tr>\n<td>Restauracja<br \/>\n\u201ePozytywka\u201d<br \/>\n<img decoding=\"async\" class=\"wp-image-5702 alignleft\" src=\"https:\/\/ckziusroda.edu.pl\/wp-content\/uploads\/2021\/04\/pozytywka.png\" alt=\"\" width=\"119\" height=\"119\" srcset=\"https:\/\/ckziusroda.edu.pl\/wp-content\/uploads\/2021\/04\/pozytywka.png 433w, https:\/\/ckziusroda.edu.pl\/wp-content\/uploads\/2021\/04\/pozytywka-150x150.png 150w, https:\/\/ckziusroda.edu.pl\/wp-content\/uploads\/2021\/04\/pozytywka-300x300.png 300w, https:\/\/ckziusroda.edu.pl\/wp-content\/uploads\/2021\/04\/pozytywka-70x70.png 70w, https:\/\/ckziusroda.edu.pl\/wp-content\/uploads\/2021\/04\/pozytywka-246x246.png 246w, https:\/\/ckziusroda.edu.pl\/wp-content\/uploads\/2021\/04\/pozytywka-276x276.png 276w, https:\/\/ckziusroda.edu.pl\/wp-content\/uploads\/2021\/04\/pozytywka-125x125.png 125w\" sizes=\"(max-width: 119px) 100vw, 119px\" \/><\/td>\n<td>ul. Topolowa 2a,<br \/>\n63-020 Zaniemy\u015bl<br \/>\ntel. 690 693 630<\/td>\n<td align=\"center\"><a href=\"http:\/\/www.restauracja-pozytywka.pl\/\" target=\"_blank\" rel=\"noopener noreferrer\">www.restauracja-pozytywka.pl<\/a><\/td>\n<\/tr>\n<tr>\n<td>Bistro Pod \u017burawiem<\/td>\n<td>Murzyn\u00f3wko 1,<br \/>\n<span style=\"font-family: inherit; font-size: inherit;\">63-023 Murzyn\u00f3wko<\/span><\/td>\n<\/tr>\n<tr>\n<td>PIWNICA POD OR\u0141EM s.c.<br \/>\n<img decoding=\"async\" class=\"wp-image-5706 alignleft\" src=\"https:\/\/ckziusroda.edu.pl\/wp-content\/uploads\/2021\/04\/piwnica-1-1024x517.jpg\" alt=\"\" width=\"175\" height=\"88\" srcset=\"https:\/\/ckziusroda.edu.pl\/wp-content\/uploads\/2021\/04\/piwnica-1-1024x517.jpg 1024w, https:\/\/ckziusroda.edu.pl\/wp-content\/uploads\/2021\/04\/piwnica-1-300x151.jpg 300w, https:\/\/ckziusroda.edu.pl\/wp-content\/uploads\/2021\/04\/piwnica-1-768x388.jpg 768w, https:\/\/ckziusroda.edu.pl\/wp-content\/uploads\/2021\/04\/piwnica-1-1371x692.jpg 1371w, https:\/\/ckziusroda.edu.pl\/wp-content\/uploads\/2021\/04\/piwnica-1.jpg 1640w\" sizes=\"(max-width: 175px) 100vw, 175px\" \/><\/td>\n<td>ul. Stary Rynek 11\/1,<br \/>\n63-000 \u015aroda Wielkopolska<br \/>\n61-285-26-89<br \/>\n531-944-466<\/td>\n<\/tr>\n<tr>\n<td>&#8220;GREYS&#8221; Restauracja Bistro, Catering, Us\u0142ugi Noclegowe Grzegorz Pytlas<br \/>\n<img decoding=\"async\" class=\"wp-image-5709 alignleft\" src=\"https:\/\/ckziusroda.edu.pl\/wp-content\/uploads\/2021\/04\/logo_Greys_Siedlec-1024x724.png\" alt=\"\" width=\"153\" height=\"108\" srcset=\"https:\/\/ckziusroda.edu.pl\/wp-content\/uploads\/2021\/04\/logo_Greys_Siedlec-1024x724.png 1024w, https:\/\/ckziusroda.edu.pl\/wp-content\/uploads\/2021\/04\/logo_Greys_Siedlec-300x212.png 300w, https:\/\/ckziusroda.edu.pl\/wp-content\/uploads\/2021\/04\/logo_Greys_Siedlec-768x543.png 768w, https:\/\/ckziusroda.edu.pl\/wp-content\/uploads\/2021\/04\/logo_Greys_Siedlec-979x692.png 979w, https:\/\/ckziusroda.edu.pl\/wp-content\/uploads\/2021\/04\/logo_Greys_Siedlec.png 1169w\" sizes=\"(max-width: 153px) 100vw, 153px\" \/><\/td>\n<td>Siedlec<br \/>\n62-025 Kostrzyn Wlkp.,<br \/>\n61-818-04-42<\/td>\n<td align=\"center\"><a href=\"http:\/\/greys.pl\/siedlec\/\" target=\"_blank\" rel=\"noopener noreferrer\">www.greys.pl\/siedlec<\/a><\/td>\n<\/tr>\n<\/tbody>\n<\/table>\n","protected":false},"excerpt":{"rendered":"<p>Zaw\u00f3d &#8211; kucharz Nazwa zak\u0142adu pracy Adres Strona WWW Restauracja Bia\u0142a Dama Plac Niepodleg\u0142o\u015bci 20, 62-035 K\u00f3rnik tel. 795-447-607 www.restauracjabialadama.pl &hellip; <\/p>\n","protected":false},"author":2,"featured_media":0,"parent":125,"menu_order":0,"comment_status":"closed","ping_status":"closed","template":"","meta":{"footnotes":""},"class_list":["post-1407","page","type-page","status-publish","hentry"],"_links":{"self":[{"href":"https:\/\/ckziusroda.edu.pl\/index.php\/wp-json\/wp\/v2\/pages\/1407","targetHints":{"allow":["GET"]}}],"collection":[{"href":"https:\/\/ckziusroda.edu.pl\/index.php\/wp-json\/wp\/v2\/pages"}],"about":[{"href":"https:\/\/ckziusroda.edu.pl\/index.php\/wp-json\/wp\/v2\/types\/page"}],"author":[{"embeddable":true,"href":"https:\/\/ckziusroda.edu.pl\/index.php\/wp-json\/wp\/v2\/users\/2"}],"replies":[{"embeddable":true,"href":"https:\/\/ckziusroda.edu.pl\/index.php\/wp-json\/wp\/v2\/comments?post=1407"}],"version-history":[{"count":46,"href":"https:\/\/ckziusroda.edu.pl\/index.php\/wp-json\/wp\/v2\/pages\/1407\/revisions"}],"predecessor-version":[{"id":8388,"href":"https:\/\/ckziusroda.edu.pl\/index.php\/wp-json\/wp\/v2\/pages\/1407\/revisions\/8388"}],"up":[{"embeddable":true,"href":"https:\/\/ckziusroda.edu.pl\/index.php\/wp-json\/wp\/v2\/pages\/125"}],"wp:attachment":[{"href":"https:\/\/ckziusroda.edu.pl\/index.php\/wp-json\/wp\/v2\/media?parent=1407"}],"curies":[{"name":"wp","href":"https:\/\/api.w.org\/{rel}","templated":true}]}}