{"id":1409,"date":"2019-06-28T11:38:46","date_gmt":"2019-06-28T09:38:46","guid":{"rendered":"http:\/\/info-omer.home.pl\/autoinstalator\/wordpressplugins5\/?page_id=1409"},"modified":"2024-07-10T13:27:17","modified_gmt":"2024-07-10T11:27:17","slug":"monter-zabudowy-i-robot-wykonczeniowych","status":"publish","type":"page","link":"https:\/\/ckziusroda.edu.pl\/index.php\/dla-rodzicow\/praktyki-zawodowe\/monter-zabudowy-i-robot-wykonczeniowych\/","title":{"rendered":"monter zabudowy i rob\u00f3t wyko\u0144czeniowych"},"content":{"rendered":"<table border=\"1\" frame=\"void\" rules=\"rows\" cellspacing=\"0\" cellpadding=\"6\" align=\"center\">\n<tbody>\n<tr>\n<td colspan=\"4\">\n<h2 class=\"n1\">Zaw\u00f3d &#8211; monter zabudowy i rob\u00f3t wyko\u0144czeniowych<br \/>\nw budownictwie<\/h2>\n<\/td>\n<\/tr>\n<tr>\n<th align=\"left\" width=\"300\">Nazwa zak\u0142adu pracy<\/th>\n<th align=\"left\" width=\"200\">Adres<\/th>\n<th align=\"left\" width=\"10\"><\/th>\n<th width=\"150\"><\/th>\n<\/tr>\n<tr>\n<td>FIRMA OG\u00d3LNOBUDOWLANA DACH &#8211; POL<br \/>\nMaciej Lipski<\/td>\n<td>Polesie 7A<br \/>\n606-130-736<br \/>\n602-631-412<\/td>\n<td><\/td>\n<td align=\"center\"><\/td>\n<\/tr>\n<tr>\n<td>Zak\u0142ad Malarsko \u2013 Tapeciarski \u201eDARO\u201d<br \/>\nD. Fr\u0105ckowiak, R. Walig\u00f3ra<\/td>\n<td>ul. Pr\u0105dzy\u0144skiego 10,<br \/>\n\u015aroda Wlkp.<br \/>\n061-285-64-48<\/td>\n<td><\/td>\n<td align=\"center\"><\/td>\n<\/tr>\n<tr>\n<td>Zak\u0142ad Malarsko-Tapeciarski<br \/>\nPrzemys\u0142aw Pucek<\/td>\n<td>ul. Pr\u0105dzy\u0144skiego 53,<br \/>\n\u015aroda Wlkp.<br \/>\n504-501-703<\/td>\n<td><\/td>\n<td align=\"center\"><\/td>\n<\/tr>\n<tr>\n<td>Zak\u0142ad Malarsko-Tapeciarski,<br \/>\nZbigniew Skoracki<\/td>\n<td>ul. Wrzesi\u0144ska 5,<br \/>\n\u015aroda Wlkp.<br \/>\n603-249-056<\/td>\n<td><\/td>\n<td align=\"center\"><\/td>\n<\/tr>\n<tr>\n<td>Krzysztof Brodniak P.P.H.U. &#8220;OK-BUD&#8221;<\/td>\n<td>ul. Brodowska 11,<br \/>\n\u015aroda Wlkp.<br \/>\n601932129<\/td>\n<td><\/td>\n<td align=\"center\"><\/td>\n<\/tr>\n<\/tbody>\n<\/table>\n","protected":false},"excerpt":{"rendered":"<p>Zaw\u00f3d &#8211; monter zabudowy i rob\u00f3t wyko\u0144czeniowych w budownictwie Nazwa zak\u0142adu pracy Adres FIRMA OG\u00d3LNOBUDOWLANA DACH &#8211; POL Maciej Lipski &hellip; <\/p>\n","protected":false},"author":2,"featured_media":0,"parent":125,"menu_order":0,"comment_status":"closed","ping_status":"closed","template":"","meta":{"footnotes":""},"class_list":["post-1409","page","type-page","status-publish","hentry"],"_links":{"self":[{"href":"https:\/\/ckziusroda.edu.pl\/index.php\/wp-json\/wp\/v2\/pages\/1409","targetHints":{"allow":["GET"]}}],"collection":[{"href":"https:\/\/ckziusroda.edu.pl\/index.php\/wp-json\/wp\/v2\/pages"}],"about":[{"href":"https:\/\/ckziusroda.edu.pl\/index.php\/wp-json\/wp\/v2\/types\/page"}],"author":[{"embeddable":true,"href":"https:\/\/ckziusroda.edu.pl\/index.php\/wp-json\/wp\/v2\/users\/2"}],"replies":[{"embeddable":true,"href":"https:\/\/ckziusroda.edu.pl\/index.php\/wp-json\/wp\/v2\/comments?post=1409"}],"version-history":[{"count":3,"href":"https:\/\/ckziusroda.edu.pl\/index.php\/wp-json\/wp\/v2\/pages\/1409\/revisions"}],"predecessor-version":[{"id":8486,"href":"https:\/\/ckziusroda.edu.pl\/index.php\/wp-json\/wp\/v2\/pages\/1409\/revisions\/8486"}],"up":[{"embeddable":true,"href":"https:\/\/ckziusroda.edu.pl\/index.php\/wp-json\/wp\/v2\/pages\/125"}],"wp:attachment":[{"href":"https:\/\/ckziusroda.edu.pl\/index.php\/wp-json\/wp\/v2\/media?parent=1409"}],"curies":[{"name":"wp","href":"https:\/\/api.w.org\/{rel}","templated":true}]}}