{"id":1419,"date":"2019-06-28T11:49:05","date_gmt":"2019-06-28T09:49:05","guid":{"rendered":"http:\/\/info-omer.home.pl\/autoinstalator\/wordpressplugins5\/?page_id=1419"},"modified":"2023-06-01T21:18:31","modified_gmt":"2023-06-01T19:18:31","slug":"slusarz","status":"publish","type":"page","link":"https:\/\/ckziusroda.edu.pl\/index.php\/dla-rodzicow\/praktyki-zawodowe\/slusarz\/","title":{"rendered":"\u015blusarz"},"content":{"rendered":"<table border=\"1\" frame=\"void\" rules=\"rows\" cellspacing=\"0\" cellpadding=\"6\" align=\"center\">\n<tbody>\n<tr>\n<td colspan=\"4\">\n<h2 class=\"n1\">Zaw\u00f3d &#8211; \u015blusarz<\/h2>\n<\/td>\n<\/tr>\n<tr>\n<th align=\"left\" width=\"300\">Nazwa zak\u0142adu pracy<\/th>\n<th align=\"left\" width=\"200\">Adres<\/th>\n<th align=\"left\" width=\"10\"><\/th>\n<th width=\"150\"><\/th>\n<\/tr>\n<tr>\n<td>Fludra Sp. z o.o.,<br \/>\nMarcin Fludra<\/td>\n<td>ul. Harcerska 18E,<br \/>\n\u015aroda Wlkp.<br \/>\n061-286-67-93<\/td>\n<td><\/td>\n<td align=\"center\"><\/td>\n<\/tr>\n<tr>\n<td>Homag Machinery<br \/>\n\u015aroda Sp. z o.o.,<\/td>\n<td>ul. Pr\u0105dzy\u0144skiego 24,<br \/>\n\u015aroda Wlkp.<br \/>\n061-64-74-500<\/td>\n<td><\/td>\n<td align=\"center\"><\/td>\n<\/tr>\n<tr>\n<td>KNIOCH sp. z o.o. sp. k.<\/td>\n<td>ul. Szarych Szereg\u00f3w 14,<br \/>\n\u015aroda Wlkp.<br \/>\n061-285-38-29<\/td>\n<td><\/td>\n<td align=\"center\"><\/td>\n<\/tr>\n<tr>\n<td>PPHU SPAWSTAL Sp. z o.o.<br \/>\nMicha\u0142 Dydymski<\/td>\n<td>ul. Szarych Szereg\u00f3w 14,<br \/>\n\u015aroda Wlkp.<br \/>\n061-285-25-45<\/td>\n<td><\/td>\n<td align=\"center\"><\/td>\n<\/tr>\n<tr>\n<td>BAMA System sp. z o.o.<\/td>\n<td>ul. Mi\u0142osza 5,<br \/>\n\u015aroda Wlkp.<br \/>\n061-285-44-87<br \/>\n602-735-804<\/td>\n<td><\/td>\n<td align=\"center\"><\/td>\n<\/tr>\n<tr>\n<td>KNOTT Sp. z o.o.<\/td>\n<td>Zdziechowice 100<br \/>\n061-287-60-00<br \/>\n061-287-60-01<\/td>\n<td><\/td>\n<td align=\"center\"><\/td>\n<\/tr>\n<tr>\n<td>\n<p style=\"text-align: left;\">MC- Bauchemie Sp. z o.o.<\/p>\n<\/td>\n<td>ul. Pr\u0105dzy\u0144skiego 20,<br \/>\n63-000 \u015aroda Wlkp.<br \/>\ntel. 61 28 64 586<\/td>\n<td align=\"center\"><\/td>\n<\/tr>\n<\/tbody>\n<\/table>\n","protected":false},"excerpt":{"rendered":"<p>Zaw\u00f3d &#8211; \u015blusarz Nazwa zak\u0142adu pracy Adres Fludra Sp. z o.o., Marcin Fludra ul. Harcerska 18E, \u015aroda Wlkp. 061-286-67-93 Homag &hellip; <\/p>\n","protected":false},"author":2,"featured_media":0,"parent":125,"menu_order":0,"comment_status":"closed","ping_status":"closed","template":"","meta":{"footnotes":""},"class_list":["post-1419","page","type-page","status-publish","hentry"],"_links":{"self":[{"href":"https:\/\/ckziusroda.edu.pl\/index.php\/wp-json\/wp\/v2\/pages\/1419","targetHints":{"allow":["GET"]}}],"collection":[{"href":"https:\/\/ckziusroda.edu.pl\/index.php\/wp-json\/wp\/v2\/pages"}],"about":[{"href":"https:\/\/ckziusroda.edu.pl\/index.php\/wp-json\/wp\/v2\/types\/page"}],"author":[{"embeddable":true,"href":"https:\/\/ckziusroda.edu.pl\/index.php\/wp-json\/wp\/v2\/users\/2"}],"replies":[{"embeddable":true,"href":"https:\/\/ckziusroda.edu.pl\/index.php\/wp-json\/wp\/v2\/comments?post=1419"}],"version-history":[{"count":3,"href":"https:\/\/ckziusroda.edu.pl\/index.php\/wp-json\/wp\/v2\/pages\/1419\/revisions"}],"predecessor-version":[{"id":7894,"href":"https:\/\/ckziusroda.edu.pl\/index.php\/wp-json\/wp\/v2\/pages\/1419\/revisions\/7894"}],"up":[{"embeddable":true,"href":"https:\/\/ckziusroda.edu.pl\/index.php\/wp-json\/wp\/v2\/pages\/125"}],"wp:attachment":[{"href":"https:\/\/ckziusroda.edu.pl\/index.php\/wp-json\/wp\/v2\/media?parent=1419"}],"curies":[{"name":"wp","href":"https:\/\/api.w.org\/{rel}","templated":true}]}}