{"id":145,"date":"2019-06-10T15:26:40","date_gmt":"2019-06-10T13:26:40","guid":{"rendered":"http:\/\/localhost\/wypozyczalniazamkow\/?page_id=145"},"modified":"2019-10-04T23:29:37","modified_gmt":"2019-10-04T21:29:37","slug":"logowanie-do-dziennika","status":"publish","type":"page","link":"https:\/\/ckziusroda.edu.pl\/index.php\/dla-rodzicow\/logowanie-do-dziennika\/","title":{"rendered":"Logowanie do dziennika"},"content":{"rendered":"\r\n<h3 class=\"wp-block-heading\" style=\"text-align: justify;\">ELEKTRONICZNY DZIENNIK LEKCYJNY procedura generowania has\u0142a:<\/h3>\r\n\r\n\r\n\r\n<ol class=\"wp-block-list\" style=\"text-align: justify;\">\r\n<li>Podaj sw\u00f3j adres e-mail wychowawcy.<\/li>\r\n<li>Wejd\u017a na stron\u0119\u00a0<a href=\"https:\/\/uonetplus.vulcan.net.pl\/powiatsredzki\" target=\"_blank\" rel=\"noreferrer noopener\">https:\/\/uonetplus.vulcan.net.pl\/powiatsredzki<\/a>.<\/li>\r\n<li>Kliknij Zaloguj si\u0119.<\/li>\r\n<li>Jako login wprowad\u017a sw\u00f3j pe\u0142en adres e-mail.<\/li>\r\n<li>Wybierz znajduj\u0105cy si\u0119 poni\u017cej miejsca do logowania link Przywracanie dost\u0119pu.<\/li>\r\n<li>Przepisz napis z obrazka oraz wpisz ponownie sw\u00f3j adres e-mail. Link s\u0142u\u017c\u0105cy do wygenerowania\/zmiany has\u0142a zosta\u0142 wys\u0142any na twoje konto pocztowe.<\/li>\r\n<li>Zaloguj si\u0119 na swoje konto pocztowe, w wiadomo\u015bci otrzymanej od UONET+ kliknij ostatni najd\u0142u\u017cszy link.<\/li>\r\n<li>Zostaniesz przeniesiony na stron\u0119 gdzie b\u0119dziesz m\u00f3g\u0142 wygenerowa\u0107 nowe bezpieczene has\u0142o (co najmniej 8 znak\u00f3w, w tym du\u017ce litery, liczby i znaki specjalne np. @) &#8211; has\u0142o nale\u017cy wpisa\u0107 2 razy i potwierdzi\u0107.<\/li>\r\n<li>Przejd\u017a ponownie na stron\u0119 do logowania (https:\/\/uonetplus.vulcan.net.pl\/powiatsredzki) wpisz jako login sw\u00f3j e-mail i swoje has\u0142o, a nast\u0119pnie wci\u015bnij przycisk Logowanie.<\/li>\r\n<\/ol>\r\n\r\n\r\n\r\n<p style=\"text-align: justify;\">W przysz\u0142o\u015bci je\u015bli zapomnisz lub b\u0119dziesz chcia\u0142 zmieni\u0107 has\u0142o powt\u00f3rz procedur\u0119 z punkt\u00f3w 2-8<\/p>\r\n","protected":false},"excerpt":{"rendered":"<p>ELEKTRONICZNY DZIENNIK LEKCYJNY procedura generowania has\u0142a: Podaj sw\u00f3j adres e-mail wychowawcy. Wejd\u017a na stron\u0119\u00a0https:\/\/uonetplus.vulcan.net.pl\/powiatsredzki. Kliknij Zaloguj si\u0119. Jako login wprowad\u017a &hellip; <\/p>\n","protected":false},"author":1,"featured_media":0,"parent":73,"menu_order":0,"comment_status":"closed","ping_status":"closed","template":"","meta":{"footnotes":""},"class_list":["post-145","page","type-page","status-publish","hentry"],"_links":{"self":[{"href":"https:\/\/ckziusroda.edu.pl\/index.php\/wp-json\/wp\/v2\/pages\/145","targetHints":{"allow":["GET"]}}],"collection":[{"href":"https:\/\/ckziusroda.edu.pl\/index.php\/wp-json\/wp\/v2\/pages"}],"about":[{"href":"https:\/\/ckziusroda.edu.pl\/index.php\/wp-json\/wp\/v2\/types\/page"}],"author":[{"embeddable":true,"href":"https:\/\/ckziusroda.edu.pl\/index.php\/wp-json\/wp\/v2\/users\/1"}],"replies":[{"embeddable":true,"href":"https:\/\/ckziusroda.edu.pl\/index.php\/wp-json\/wp\/v2\/comments?post=145"}],"version-history":[{"count":4,"href":"https:\/\/ckziusroda.edu.pl\/index.php\/wp-json\/wp\/v2\/pages\/145\/revisions"}],"predecessor-version":[{"id":2217,"href":"https:\/\/ckziusroda.edu.pl\/index.php\/wp-json\/wp\/v2\/pages\/145\/revisions\/2217"}],"up":[{"embeddable":true,"href":"https:\/\/ckziusroda.edu.pl\/index.php\/wp-json\/wp\/v2\/pages\/73"}],"wp:attachment":[{"href":"https:\/\/ckziusroda.edu.pl\/index.php\/wp-json\/wp\/v2\/media?parent=145"}],"curies":[{"name":"wp","href":"https:\/\/api.w.org\/{rel}","templated":true}]}}