{"id":1451,"date":"2019-06-28T12:56:06","date_gmt":"2019-06-28T10:56:06","guid":{"rendered":"http:\/\/info-omer.home.pl\/autoinstalator\/wordpressplugins5\/?page_id=1451"},"modified":"2019-10-24T20:45:42","modified_gmt":"2019-10-24T18:45:42","slug":"wyzsza-szkola-bankowa","status":"publish","type":"page","link":"https:\/\/ckziusroda.edu.pl\/index.php\/wspolpraca\/szkoly-partnerskie\/wyzsza-szkola-bankowa\/","title":{"rendered":"Wy\u017csza Szko\u0142a Bankowa"},"content":{"rendered":"<table border=\"0\" width=\"600\" cellspacing=\"0\" cellpadding=\"0\" align=\"center\">\n<tbody>\n<tr>\n<td colspan=\"2\"><\/td>\n<\/tr>\n<tr>\n<td>\n<h2>Porozumienie o partnerstwie<br \/>\nz Wy\u017csz\u0105 Szko\u0142\u0105 Bankow\u0105<br \/>\nw\u00a0Poznaniu<\/h2>\n<\/td>\n<td><a href=\"http:\/\/www.wsb.pl\/\" target=\"_blank\" rel=\"noopener noreferrer\"><img decoding=\"async\" src=\"http:\/\/ckziusroda.edu.pl\/wp-content\/uploads\/2019\/10\/wsb.png\" alt=\"[Rozmiar: 56644 bajt\u00f3w]\" width=\"228\" height=\"221\" border=\"0\" \/><\/a><\/td>\n<\/tr>\n<tr>\n<td colspan=\"2\"><\/td>\n<\/tr>\n<tr>\n<td colspan=\"2\">\n<h3 class=\"n1\">SPOTKANIE Z WSB<\/h3>\n<p style=\"text-align: justify;\">Wszyscy uczniowie klas maturalnych w pi\u0105tek 22 listopada uczestniczyli w warsztatach zorganizowanych przez student\u00f3w Wy\u017cszej Szko\u0142y Bankowej w Poznaniu.<br \/>\nTematy spotka\u0144 dotyczy\u0142y:<\/p>\n<ul style=\"text-align: justify;\">\n<li>Jak m\u00f3wi\u0107, \u017ceby nas s\u0142uchano? Skuteczne metody na dobre wyst\u0105pienia.<\/li>\n<li>Matura bez stresu \u2013 spos\u00f3b na dobr\u0105 organizacj\u0119 czasu.<\/li>\n<\/ul>\n<p style=\"text-align: justify;\">Celem tych spotka\u0144 by\u0142o zwi\u0119kszenie motywacji uczni\u00f3w do pracy i nauka gospodarowania czasem.<\/p>\n<p><a title=\"Spotkanie z WSB\" href=\"http:\/\/ckziusroda.edu.pl\/wp-content\/uploads\/2019\/10\/wsb1.jpg\" rel=\"lightbox[roadtrip]\"><img decoding=\"async\" class=\"\" src=\"http:\/\/ckziusroda.edu.pl\/wp-content\/uploads\/2019\/10\/wsb1.jpg\" alt=\"\" width=\"100\" height=\"75\" border=\"0\" \/><\/a><\/p>\n<p class=\"podpis\">\/J. Tomczyk-Wojciechowska\/<\/p>\n<div class=\"prawa\"><\/div>\n<\/td>\n<\/tr>\n<tr>\n<td colspan=\"2\">\n<h3 class=\"n1\">Rozpocz\u0119cie wsp\u00f3\u0142pracy<\/h3>\n<p style=\"text-align: justify;\">W kwietniu 2013 roku podpisali\u015bmy umow\u0119 a od wrze\u015bnia 2013 roku zacz\u0119li\u015bmy wsp\u00f3\u0142prac\u0119 z\u00a0Wy\u017csz\u0105 Szko\u0142\u0105 Bankow\u0105 w Poznaniu.<br \/>\nB\u0119dzie si\u0119 ona opiera\u0142a przede wszystkim na:<\/p>\n<ul>\n<li style=\"text-align: justify;\">Obj\u0119ciu patronatu nad klasami maturalnymi naszej szko\u0142y przez WSB,<\/li>\n<li style=\"text-align: justify;\">Wspomaganiu szko\u0142y potencja\u0142em organizacyjnym Uczelni,<\/li>\n<li style=\"text-align: justify;\">Dzieleniu si\u0119 przez Uczelni\u0119 ze Szko\u0142\u0105 do\u015bwiadczeniem zwi\u0105zanym z funkcjonowaniem Uczelni,<\/li>\n<li style=\"text-align: justify;\">Podejmowaniu wsp\u00f3lnych przedsi\u0119wzi\u0119\u0107 o charakterze informacyjnym, promuj\u0105cych obie strony i ich dzia\u0142alno\u015b\u0107,<\/li>\n<li style=\"text-align: justify;\">Podejmowaniu wsp\u00f3lnych dzia\u0142a\u0144 w celu promowania przedsi\u0119biorczo\u015bci.<\/li>\n<\/ul>\n<\/td>\n<\/tr>\n<\/tbody>\n<\/table>\n","protected":false},"excerpt":{"rendered":"<p>Porozumienie o partnerstwie z Wy\u017csz\u0105 Szko\u0142\u0105 Bankow\u0105 w\u00a0Poznaniu SPOTKANIE Z WSB Wszyscy uczniowie klas maturalnych w pi\u0105tek 22 listopada uczestniczyli &hellip; <\/p>\n","protected":false},"author":2,"featured_media":0,"parent":159,"menu_order":0,"comment_status":"closed","ping_status":"closed","template":"","meta":{"footnotes":""},"class_list":["post-1451","page","type-page","status-publish","hentry"],"_links":{"self":[{"href":"https:\/\/ckziusroda.edu.pl\/index.php\/wp-json\/wp\/v2\/pages\/1451","targetHints":{"allow":["GET"]}}],"collection":[{"href":"https:\/\/ckziusroda.edu.pl\/index.php\/wp-json\/wp\/v2\/pages"}],"about":[{"href":"https:\/\/ckziusroda.edu.pl\/index.php\/wp-json\/wp\/v2\/types\/page"}],"author":[{"embeddable":true,"href":"https:\/\/ckziusroda.edu.pl\/index.php\/wp-json\/wp\/v2\/users\/2"}],"replies":[{"embeddable":true,"href":"https:\/\/ckziusroda.edu.pl\/index.php\/wp-json\/wp\/v2\/comments?post=1451"}],"version-history":[{"count":8,"href":"https:\/\/ckziusroda.edu.pl\/index.php\/wp-json\/wp\/v2\/pages\/1451\/revisions"}],"predecessor-version":[{"id":3261,"href":"https:\/\/ckziusroda.edu.pl\/index.php\/wp-json\/wp\/v2\/pages\/1451\/revisions\/3261"}],"up":[{"embeddable":true,"href":"https:\/\/ckziusroda.edu.pl\/index.php\/wp-json\/wp\/v2\/pages\/159"}],"wp:attachment":[{"href":"https:\/\/ckziusroda.edu.pl\/index.php\/wp-json\/wp\/v2\/media?parent=1451"}],"curies":[{"name":"wp","href":"https:\/\/api.w.org\/{rel}","templated":true}]}}