{"id":147,"date":"2019-06-10T15:27:00","date_gmt":"2019-06-10T13:27:00","guid":{"rendered":"http:\/\/localhost\/wypozyczalniazamkow\/?page_id=147"},"modified":"2024-10-01T21:44:36","modified_gmt":"2024-10-01T19:44:36","slug":"dyzury-nauczycieli","status":"publish","type":"page","link":"https:\/\/ckziusroda.edu.pl\/index.php\/dla-rodzicow\/dyzury-nauczycieli\/","title":{"rendered":"Dy\u017cury nauczycieli"},"content":{"rendered":"<h2 class=\"n2\">Dy\u017cury nauczycieli dla rodzic\u00f3w w roku szkolnym 2024\/2025<\/h2>\n<div class=\"su-table su-table-responsive su-table-alternate su-table-fixed\">\n<table>\n<tbody>\n<tr>\n<td>13 listopada 2024<\/td>\n<td>16.30 \u2013 17.30<\/td>\n<\/tr>\n<tr>\n<td>8 stycznia 2025<\/td>\n<td>16.30 \u2013 17.30<\/td>\n<\/tr>\n<tr>\n<td>19 marca<\/td>\n<td>16.30 \u2013 17.30<\/td>\n<\/tr>\n<tr>\n<td>14 maja<\/td>\n<td>16.30 \u2013 17.30<\/td>\n<\/tr>\n<\/tbody>\n<\/table>\n<\/div>\n<h2>Godziny dost\u0119pno\u015bci nauczycieli w roku szkolnym 2024\/2025<\/h2>\n<p>W przygotowaniu.<\/p>\n<h2><strong>Psycholog &#8211; Dominika Le\u015bniczak<br \/>\n<\/strong><\/h2>\n<div class=\"su-table su-table-responsive su-table-alternate su-table-fixed\">\n<table>\n<tbody>\n<tr>\n<td>poniedzia\u0142ek<\/td>\n<td>13.00 &#8211; 16.00<\/td>\n<\/tr>\n<tr>\n<td>wtorek<\/td>\n<td>7.30 \u2013 15.30<\/td>\n<\/tr>\n<\/tbody>\n<\/table>\n<\/div>\n<div class=\"su-table su-table-alternate\">\n<h2><strong>Pedagog szkolny &#8211; Barbara Gierczy\u0144ska-Was\u0142owicz<br \/>\n<\/strong><\/h2>\n<div class=\"su-table su-table-responsive su-table-alternate su-table-fixed\"><\/div>\n<table>\n<tbody>\n<tr>\n<td>poniedzia\u0142ek<\/td>\n<td>7.30 &#8211; 16.00<\/td>\n<\/tr>\n<tr>\n<td>wtorek<\/td>\n<td>8.00 \u2013 14.00<\/td>\n<\/tr>\n<tr>\n<td>\u015broda<\/td>\n<td>8.00 \u2013 13.00<\/td>\n<\/tr>\n<tr>\n<td>czwartek<\/td>\n<td>8.00 \u2013 8.45<br \/>\n10.00 &#8211; 16.00<\/td>\n<\/tr>\n<tr>\n<td>pi\u0105tek<\/td>\n<td>8.00 \u2013 11.00<\/td>\n<\/tr>\n<\/tbody>\n<\/table>\n<\/div>\n<div class=\"su-table su-table-alternate\">\n<h2><strong>Pedagog szkolny &#8211; Aneta Stukowska-Stanicka<br \/>\n<\/strong><\/h2>\n<div class=\"su-table su-table-responsive su-table-alternate su-table-fixed\"><\/div>\n<table>\n<tbody>\n<tr>\n<td>wtorek<\/td>\n<td>12.00 \u2013 17.00<\/td>\n<\/tr>\n<tr>\n<td>\u015broda<\/td>\n<td>8.00 \u2013 14.00<\/td>\n<\/tr>\n<tr>\n<td>czwartek<\/td>\n<td>9.00 &#8211; 14.00<\/td>\n<\/tr>\n<tr>\n<td>pi\u0105tek<\/td>\n<td>9.30 &#8211; 13.30<\/td>\n<\/tr>\n<\/tbody>\n<\/table>\n<\/div>\n<h2><strong>Pedagog szkolny &#8211; <span class=\"tojvnm2t a6sixzi8 abs2jz4q a8s20v7p t1p8iaqh k5wvi7nf q3lfd5jv pk4s997a bipmatt0 cebpdrjk qowsmv63 owwhemhu dp1hu0rb dhp61c6y iyyx5f41\">Bogumi\u0142a Kosmowska-Jerzyniak<\/span><br \/>\n<\/strong><\/h2>\n<p>Kontakt telefoniczny: <span class=\"tojvnm2t a6sixzi8 abs2jz4q a8s20v7p t1p8iaqh k5wvi7nf q3lfd5jv pk4s997a bipmatt0 cebpdrjk qowsmv63 owwhemhu dp1hu0rb dhp61c6y iyyx5f41\">573 380 661<\/span><\/p>\n<div class=\"su-table su-table-responsive su-table-alternate su-table-fixed\">\n<table>\n<tbody>\n<tr>\n<td>poniedzia\u0142ek<\/td>\n<td>8.30 &#8211; 13.30<\/td>\n<\/tr>\n<tr>\n<td>wtorek<\/td>\n<td>8.30 \u2013 13.30<\/td>\n<\/tr>\n<tr>\n<td>\u015broda<\/td>\n<td>8.30 \u2013 16.30<\/td>\n<\/tr>\n<tr>\n<td>czwartek<\/td>\n<td>8.30 &#8211; 13.30<\/td>\n<\/tr>\n<\/tbody>\n<\/table>\n<\/div>\n<p>Rodzic\u00f3w, kt\u00f3rzy chc\u0105 si\u0119 spotka\u0107 w innym terminie lub godzinach z dyrektorem, pedagogiem, psychologiem prosimy o kontakt telefoniczny z sekretariatem szko\u0142y 61 2222 444.<\/p>\n","protected":false},"excerpt":{"rendered":"<p>Dy\u017cury nauczycieli dla rodzic\u00f3w w roku szkolnym 2024\/2025 Godziny dost\u0119pno\u015bci nauczycieli w roku szkolnym 2024\/2025 W przygotowaniu. Psycholog &#8211; Dominika &hellip; <\/p>\n","protected":false},"author":1,"featured_media":0,"parent":73,"menu_order":0,"comment_status":"closed","ping_status":"closed","template":"","meta":{"footnotes":""},"class_list":["post-147","page","type-page","status-publish","hentry"],"_links":{"self":[{"href":"https:\/\/ckziusroda.edu.pl\/index.php\/wp-json\/wp\/v2\/pages\/147","targetHints":{"allow":["GET"]}}],"collection":[{"href":"https:\/\/ckziusroda.edu.pl\/index.php\/wp-json\/wp\/v2\/pages"}],"about":[{"href":"https:\/\/ckziusroda.edu.pl\/index.php\/wp-json\/wp\/v2\/types\/page"}],"author":[{"embeddable":true,"href":"https:\/\/ckziusroda.edu.pl\/index.php\/wp-json\/wp\/v2\/users\/1"}],"replies":[{"embeddable":true,"href":"https:\/\/ckziusroda.edu.pl\/index.php\/wp-json\/wp\/v2\/comments?post=147"}],"version-history":[{"count":42,"href":"https:\/\/ckziusroda.edu.pl\/index.php\/wp-json\/wp\/v2\/pages\/147\/revisions"}],"predecessor-version":[{"id":8864,"href":"https:\/\/ckziusroda.edu.pl\/index.php\/wp-json\/wp\/v2\/pages\/147\/revisions\/8864"}],"up":[{"embeddable":true,"href":"https:\/\/ckziusroda.edu.pl\/index.php\/wp-json\/wp\/v2\/pages\/73"}],"wp:attachment":[{"href":"https:\/\/ckziusroda.edu.pl\/index.php\/wp-json\/wp\/v2\/media?parent=147"}],"curies":[{"name":"wp","href":"https:\/\/api.w.org\/{rel}","templated":true}]}}