{"id":157,"date":"2019-06-10T15:30:01","date_gmt":"2019-06-10T13:30:01","guid":{"rendered":"http:\/\/localhost\/wypozyczalniazamkow\/?page_id=157"},"modified":"2024-04-23T15:38:10","modified_gmt":"2024-04-23T13:38:10","slug":"nasi-pracodawcy","status":"publish","type":"page","link":"https:\/\/ckziusroda.edu.pl\/index.php\/wspolpraca\/nasi-pracodawcy\/","title":{"rendered":"Nasi pracodawcy"},"content":{"rendered":"<p style=\"text-align: justify;\">Warunkiem przyj\u0119cia do Szko\u0142y Bran\u017cowej 3-letniej jest uzyskanie praktyki w wybranym zawodzie. Tworzona baza pracodawc\u00f3w u\u0142atwi uczniom kontakt z potencjalnym pracodawc\u0105.<\/p>\n<p style=\"text-align: justify;\">Na stronie znajduje si\u0119 lista zak\u0142ad\u00f3w pracy, w kt\u00f3rych uczniowie Centrum Kszta\u0142cenia Zawodowego i Ustawicznego w \u015arodzie Wlkp. odbywaj\u0105 praktyczn\u0105 nauk\u0119 zawodu jako m\u0142odociani pracownicy.<\/p>\n<ul>\n<li><a href=\"http:\/\/ckziusroda.edu.pl\/index.php\/dla-rodzicow\/praktyki-zawodowe\/cukiernik-piekarz\/\">cukiernik\/piekarz<\/a><\/li>\n<li><a href=\"http:\/\/ckziusroda.edu.pl\/index.php\/dla-rodzicow\/praktyki-zawodowe\/elektryk\/\">elektryk<\/a><\/li>\n<li><a href=\"http:\/\/ckziusroda.edu.pl\/index.php\/dla-rodzicow\/praktyki-zawodowe\/automatyk\/\">automatyk<\/a><\/li>\n<li><a href=\"http:\/\/ckziusroda.edu.pl\/index.php\/dla-rodzicow\/praktyki-zawodowe\/magazynier\">magazynier<\/a><\/li>\n<li><a href=\"http:\/\/ckziusroda.edu.pl\/index.php\/dla-rodzicow\/praktyki-zawodowe\/fryzjer\/\">fryzjer<\/a><\/li>\n<li><a href=\"http:\/\/ckziusroda.edu.pl\/index.php\/dla-rodzicow\/praktyki-zawodowe\/kucharz\/\">kucharz<\/a><\/li>\n<li><a href=\"http:\/\/ckziusroda.edu.pl\/index.php\/dla-rodzicow\/praktyki-zawodowe\/monter-zabudowy-i-robot-wykonczeniowych\/\">monter zabudowy i rob\u00f3t wyko\u0144czeniowych w budownictwie<\/a><\/li>\n<li><a href=\"http:\/\/ckziusroda.edu.pl\/index.php\/dla-rodzicow\/praktyki-zawodowe\/murarz-tynkarz\/\">murarz-tynkarz<\/a><\/li>\n<li><a href=\"http:\/\/ckziusroda.edu.pl\/index.php\/dla-rodzicow\/praktyki-zawodowe\/operator-obrabiarek-skrawajacych\/\">operator obrabiarek skrawaj\u0105cych<\/a><\/li>\n<li><a href=\"http:\/\/ckziusroda.edu.pl\/index.php\/dla-rodzicow\/praktyki-zawodowe\/sprzedawca\/\">sprzedawca<\/a><\/li>\n<li><a href=\"http:\/\/ckziusroda.edu.pl\/index.php\/dla-rodzicow\/praktyki-zawodowe\/stolarz\/\">stolarz<\/a><\/li>\n<li><a href=\"http:\/\/ckziusroda.edu.pl\/index.php\/dla-rodzicow\/praktyki-zawodowe\/tapicer\/\">tapicer<\/a><\/li>\n<li><a href=\"http:\/\/ckziusroda.edu.pl\/index.php\/dla-rodzicow\/praktyki-zawodowe\/zawody-mechaniczne-mechanik-pojazdow-samochodowych-elektromechanik-pojazdow-samochodowych-lakiernik-blacharz-samochodowy\/\">zawody mechaniczne &#8211; mechanik pojazd\u00f3w samochodowych,<br \/>\nelektromechanik pojazd\u00f3w samochodowych, lakiernik, blacharz samochodowy<\/a><\/li>\n<\/ul>\n","protected":false},"excerpt":{"rendered":"<p>Warunkiem przyj\u0119cia do Szko\u0142y Bran\u017cowej 3-letniej jest uzyskanie praktyki w wybranym zawodzie. Tworzona baza pracodawc\u00f3w u\u0142atwi uczniom kontakt z potencjalnym &hellip; <\/p>\n","protected":false},"author":1,"featured_media":0,"parent":75,"menu_order":0,"comment_status":"closed","ping_status":"closed","template":"","meta":{"footnotes":""},"class_list":["post-157","page","type-page","status-publish","hentry"],"_links":{"self":[{"href":"https:\/\/ckziusroda.edu.pl\/index.php\/wp-json\/wp\/v2\/pages\/157","targetHints":{"allow":["GET"]}}],"collection":[{"href":"https:\/\/ckziusroda.edu.pl\/index.php\/wp-json\/wp\/v2\/pages"}],"about":[{"href":"https:\/\/ckziusroda.edu.pl\/index.php\/wp-json\/wp\/v2\/types\/page"}],"author":[{"embeddable":true,"href":"https:\/\/ckziusroda.edu.pl\/index.php\/wp-json\/wp\/v2\/users\/1"}],"replies":[{"embeddable":true,"href":"https:\/\/ckziusroda.edu.pl\/index.php\/wp-json\/wp\/v2\/comments?post=157"}],"version-history":[{"count":14,"href":"https:\/\/ckziusroda.edu.pl\/index.php\/wp-json\/wp\/v2\/pages\/157\/revisions"}],"predecessor-version":[{"id":8361,"href":"https:\/\/ckziusroda.edu.pl\/index.php\/wp-json\/wp\/v2\/pages\/157\/revisions\/8361"}],"up":[{"embeddable":true,"href":"https:\/\/ckziusroda.edu.pl\/index.php\/wp-json\/wp\/v2\/pages\/75"}],"wp:attachment":[{"href":"https:\/\/ckziusroda.edu.pl\/index.php\/wp-json\/wp\/v2\/media?parent=157"}],"curies":[{"name":"wp","href":"https:\/\/api.w.org\/{rel}","templated":true}]}}