{"id":159,"date":"2019-06-10T15:30:23","date_gmt":"2019-06-10T13:30:23","guid":{"rendered":"http:\/\/localhost\/wypozyczalniazamkow\/?page_id=159"},"modified":"2019-10-23T12:24:50","modified_gmt":"2019-10-23T10:24:50","slug":"szkoly-partnerskie","status":"publish","type":"page","link":"https:\/\/ckziusroda.edu.pl\/index.php\/wspolpraca\/szkoly-partnerskie\/","title":{"rendered":"Szko\u0142y partnerskie"},"content":{"rendered":"<ul>\n<li><a href=\"http:\/\/ckziusroda.edu.pl\/index.php\/wspolpraca\/szkoly-partnerskie\/wyzsza-szkola-bankowa\/\" target=\"_blank\" rel=\"noopener noreferrer\">Wy\u017csza Szko\u0142a Bankowa<\/a><\/li>\n<li><a href=\"http:\/\/ckziusroda.edu.pl\/index.php\/wspolpraca\/szkoly-partnerskie\/wyzsza-szkola-bezpieczenstwa\/\" target=\"_blank\" rel=\"noopener noreferrer\">Wy\u017csza Szko\u0142a Bezpiecze\u0144stwa<\/a><\/li>\n<\/ul>\n","protected":false},"excerpt":{"rendered":"<p>Wy\u017csza Szko\u0142a Bankowa Wy\u017csza Szko\u0142a Bezpiecze\u0144stwa<\/p>\n","protected":false},"author":1,"featured_media":0,"parent":75,"menu_order":0,"comment_status":"closed","ping_status":"closed","template":"","meta":{"footnotes":""},"class_list":["post-159","page","type-page","status-publish","hentry"],"_links":{"self":[{"href":"https:\/\/ckziusroda.edu.pl\/index.php\/wp-json\/wp\/v2\/pages\/159","targetHints":{"allow":["GET"]}}],"collection":[{"href":"https:\/\/ckziusroda.edu.pl\/index.php\/wp-json\/wp\/v2\/pages"}],"about":[{"href":"https:\/\/ckziusroda.edu.pl\/index.php\/wp-json\/wp\/v2\/types\/page"}],"author":[{"embeddable":true,"href":"https:\/\/ckziusroda.edu.pl\/index.php\/wp-json\/wp\/v2\/users\/1"}],"replies":[{"embeddable":true,"href":"https:\/\/ckziusroda.edu.pl\/index.php\/wp-json\/wp\/v2\/comments?post=159"}],"version-history":[{"count":6,"href":"https:\/\/ckziusroda.edu.pl\/index.php\/wp-json\/wp\/v2\/pages\/159\/revisions"}],"predecessor-version":[{"id":3186,"href":"https:\/\/ckziusroda.edu.pl\/index.php\/wp-json\/wp\/v2\/pages\/159\/revisions\/3186"}],"up":[{"embeddable":true,"href":"https:\/\/ckziusroda.edu.pl\/index.php\/wp-json\/wp\/v2\/pages\/75"}],"wp:attachment":[{"href":"https:\/\/ckziusroda.edu.pl\/index.php\/wp-json\/wp\/v2\/media?parent=159"}],"curies":[{"name":"wp","href":"https:\/\/api.w.org\/{rel}","templated":true}]}}