{"id":5956,"date":"2021-08-26T18:28:07","date_gmt":"2021-08-26T16:28:07","guid":{"rendered":"https:\/\/ckziusroda.edu.pl\/?page_id=5956"},"modified":"2021-08-31T15:02:10","modified_gmt":"2021-08-31T13:02:10","slug":"rada-rodzicow","status":"publish","type":"page","link":"https:\/\/ckziusroda.edu.pl\/index.php\/rada-rodzicow\/","title":{"rendered":"Rada Rodzic\u00f3w"},"content":{"rendered":"<p>Rada Rodzic\u00f3w przy CKZiU w \u015arodzie Wielkopolskiej.<\/p>\n<p>Bank Sp\u00f3\u0142dzielczy w \u015arodzie Wielkopolskiej, numer konta: <em><strong>97 9085 0002 0000 0003 7790 0001<\/strong><\/em><\/p>\n<p>Zach\u0119camy do wp\u0142at na Rad\u0119 Rodzic\u00f3w:<\/p>\n<p>Op\u0142ata roczna \u2013 <em><strong>50 z\u0142<\/strong><\/em><br \/>\nOp\u0142ata semestralna \u2013 <em><strong>25 z\u0142<\/strong><\/em><\/p>\n","protected":false},"excerpt":{"rendered":"<p>Rada Rodzic\u00f3w przy CKZiU w \u015arodzie Wielkopolskiej. Bank Sp\u00f3\u0142dzielczy w \u015arodzie Wielkopolskiej, numer konta: 97 9085 0002 0000 0003 7790 &hellip; <\/p>\n","protected":false},"author":4,"featured_media":0,"parent":0,"menu_order":0,"comment_status":"closed","ping_status":"closed","template":"","meta":{"footnotes":""},"class_list":["post-5956","page","type-page","status-publish","hentry"],"_links":{"self":[{"href":"https:\/\/ckziusroda.edu.pl\/index.php\/wp-json\/wp\/v2\/pages\/5956","targetHints":{"allow":["GET"]}}],"collection":[{"href":"https:\/\/ckziusroda.edu.pl\/index.php\/wp-json\/wp\/v2\/pages"}],"about":[{"href":"https:\/\/ckziusroda.edu.pl\/index.php\/wp-json\/wp\/v2\/types\/page"}],"author":[{"embeddable":true,"href":"https:\/\/ckziusroda.edu.pl\/index.php\/wp-json\/wp\/v2\/users\/4"}],"replies":[{"embeddable":true,"href":"https:\/\/ckziusroda.edu.pl\/index.php\/wp-json\/wp\/v2\/comments?post=5956"}],"version-history":[{"count":9,"href":"https:\/\/ckziusroda.edu.pl\/index.php\/wp-json\/wp\/v2\/pages\/5956\/revisions"}],"predecessor-version":[{"id":5968,"href":"https:\/\/ckziusroda.edu.pl\/index.php\/wp-json\/wp\/v2\/pages\/5956\/revisions\/5968"}],"wp:attachment":[{"href":"https:\/\/ckziusroda.edu.pl\/index.php\/wp-json\/wp\/v2\/media?parent=5956"}],"curies":[{"name":"wp","href":"https:\/\/api.w.org\/{rel}","templated":true}]}}