{"id":8285,"date":"2024-04-18T20:05:20","date_gmt":"2024-04-18T18:05:20","guid":{"rendered":"https:\/\/ckziusroda.edu.pl\/?page_id=8285"},"modified":"2024-04-22T20:31:27","modified_gmt":"2024-04-22T18:31:27","slug":"iv-liceum-ogolnoksztalcace","status":"publish","type":"page","link":"https:\/\/ckziusroda.edu.pl\/index.php\/iv-liceum-ogolnoksztalcace\/","title":{"rendered":"IV LICEUM OG\u00d3LNOKSZTA\u0141C\u0104CE"},"content":{"rendered":"<p style=\"text-align: justify;\"><strong>LICEUM OG\u00d3LNOKSZTA\u0141C\u0104CE \u2013 policyjne<\/strong><strong>:<\/strong> to profesjonalne przygotowanie kandydat\u00f3w do pracy w Policji i innych s\u0142u\u017cbach mundurowych. Nauka bezpiecznych postaw i zachowa\u0144 oraz zdobycie odpowiedniej sprawno\u015bci fizycznej. Dodatkowo : warsztaty szkoleniowo &#8211; dydaktyczne, sprawdzenie wiedzy teoretycznej oraz praktycznej podczas oboz\u00f3w przetrwania Mo\u017cliwo\u015bci zatrudnienia po uko\u0144czeniu klasy policyjnej: wszelkie instytucje mundurowe, prawne, penitencjarne, administracja pa\u0144stwowa i publiczna, inspekcje i stra\u017ce.<\/p>\n<p style=\"text-align: justify;\"><strong><u>Przedmioty punktowane<\/u><\/strong>: j\u0119zyk polski, matematyka, j\u0119zyk angielski, informatyka<\/p>\n<p style=\"text-align: justify;\"><strong><u>Przedmioty rozszerzone: <\/u><\/strong>j\u0119zyk polski, wos<\/p>\n<p style=\"text-align: justify;\"><strong><u>B\u0119dziesz m\u00f3g\u0142 pracowa\u0107 w:<\/u><\/strong><\/p>\n<ul style=\"text-align: justify;\">\n<li>s\u0142u\u017cbach celnych<\/li>\n<li>stra\u017cy miejskiej<\/li>\n<li>agencjach ochrony<\/li>\n<li>biurach detektywistycznych<\/li>\n<li>policji<\/li>\n<li>innych s\u0142u\u017cbach mundurowych<\/li>\n<\/ul>\n<hr \/>\n<p style=\"text-align: justify;\"><strong>LICEUM OG\u00d3LNOKSZTA\u0141C\u0104CE \u2013 wiza\u017c i stylizacja <\/strong><strong>:<\/strong> Wiza\u017cysta przeprowadza analiz\u0119 kolorystyczn\u0105 typu urody, rodzaju cery, w celu wykonania odpowiedniego makija\u017cu, koryguje niedoskona\u0142o\u015bci urody, wsp\u00f3\u0142pracuje z fotografami lub operatorami filmowymi. Stylista kreuje nowy wizerunek swojego klienta. Zaw\u00f3d stylisty \u0142\u0105czy w sobie umiej\u0119tno\u015bci zar\u00f3wno z zakresu wiza\u017cu, fryzjerstwa, jak i charakteryzacji. Wiza\u017c i stylizacja s\u0105 szczeg\u00f3lnie wa\u017cne w bran\u017cach zwi\u0105zanych z mediami, mod\u0105 i rozrywk\u0105, ale tak\u017ce dostarczaj\u0105 wa\u017cnych us\u0142ug dla os\u00f3b prywatnych, takich jak wesela, sesje zdj\u0119ciowe i inne.<\/p>\n<p style=\"text-align: justify;\"><strong><u>Przedmioty punktowane<\/u><\/strong>: j\u0119zyk polski, matematyka, j\u0119zyk angielski, informatyka<\/p>\n<p style=\"text-align: justify;\"><strong><u>Przedmioty rozszerzone: <\/u><\/strong>j\u0119zyk polski, wos<\/p>\n<p style=\"text-align: justify;\"><strong><u>B\u0119dziesz m\u00f3g\u0142 pracowa\u0107 w:<\/u><\/strong><\/p>\n<ul>\n<li style=\"text-align: justify;\">salonach kosmetyczne<\/li>\n<li style=\"text-align: justify;\">koncerny i firmy kosmetyczne<\/li>\n<li style=\"text-align: justify;\">w telewizji<\/li>\n<li style=\"text-align: justify;\">przy sesjach zdj\u0119ciowych<\/li>\n<li style=\"text-align: justify;\">na pokazach mody i makija\u017cu<\/li>\n<li style=\"text-align: justify;\">podczas realizacji reklam<\/li>\n<\/ul>\n","protected":false},"excerpt":{"rendered":"<p>LICEUM OG\u00d3LNOKSZTA\u0141C\u0104CE \u2013 policyjne: to profesjonalne przygotowanie kandydat\u00f3w do pracy w Policji i innych s\u0142u\u017cbach mundurowych. Nauka bezpiecznych postaw i &hellip; <\/p>\n","protected":false},"author":4,"featured_media":0,"parent":0,"menu_order":0,"comment_status":"closed","ping_status":"closed","template":"","meta":{"footnotes":""},"class_list":["post-8285","page","type-page","status-publish","hentry"],"_links":{"self":[{"href":"https:\/\/ckziusroda.edu.pl\/index.php\/wp-json\/wp\/v2\/pages\/8285","targetHints":{"allow":["GET"]}}],"collection":[{"href":"https:\/\/ckziusroda.edu.pl\/index.php\/wp-json\/wp\/v2\/pages"}],"about":[{"href":"https:\/\/ckziusroda.edu.pl\/index.php\/wp-json\/wp\/v2\/types\/page"}],"author":[{"embeddable":true,"href":"https:\/\/ckziusroda.edu.pl\/index.php\/wp-json\/wp\/v2\/users\/4"}],"replies":[{"embeddable":true,"href":"https:\/\/ckziusroda.edu.pl\/index.php\/wp-json\/wp\/v2\/comments?post=8285"}],"version-history":[{"count":4,"href":"https:\/\/ckziusroda.edu.pl\/index.php\/wp-json\/wp\/v2\/pages\/8285\/revisions"}],"predecessor-version":[{"id":8347,"href":"https:\/\/ckziusroda.edu.pl\/index.php\/wp-json\/wp\/v2\/pages\/8285\/revisions\/8347"}],"wp:attachment":[{"href":"https:\/\/ckziusroda.edu.pl\/index.php\/wp-json\/wp\/v2\/media?parent=8285"}],"curies":[{"name":"wp","href":"https:\/\/api.w.org\/{rel}","templated":true}]}}