{"id":9288,"date":"2025-03-18T20:04:44","date_gmt":"2025-03-18T19:04:44","guid":{"rendered":"https:\/\/ckziusroda.edu.pl\/?page_id=9288"},"modified":"2025-03-18T20:04:44","modified_gmt":"2025-03-18T19:04:44","slug":"rachunek-prawdopodobienstwa-a-silne-haslo-bezpieczenstwo-i-znaczenie-silnych-hasel","status":"publish","type":"page","link":"https:\/\/ckziusroda.edu.pl\/index.php\/rachunek-prawdopodobienstwa-a-silne-haslo-bezpieczenstwo-i-znaczenie-silnych-hasel\/","title":{"rendered":"Rachunek prawdopodobie\u0144stwa a silne has\u0142o. Bezpiecze\u0144stwo i znaczenie silnych hase\u0142"},"content":{"rendered":"<p style=\"text-align: justify;\">Jakie jest prawdopodobie\u0144stwo odgadni\u0119cia has\u0142a? Co zrobi\u0107 \u017ceby nasze dane by\u0142y bezpieczne i jak zachowa\u0107 sie w sytuacjach naruszenia naszych danych? Na te pytania odpowied\u017a us\u0142yszeli uczniowie podczas kolejnej lekcji z ekonomia. Matematyka, przedmioty policyjne i ekonomia w jednym. Pan Arkadiusz K\u0105sowski aspirant sztabowy i nauczyciel klas policyjnych CKZiU\u00a0 przedstawi\u0142 m\u0142odzie\u017cy jak wygl\u0105da cyberprzestepczo\u015b\u0107 na terenie powiatu \u015bredzkiego. Zapozna\u0142 uczni\u00f3w ze sposobem post\u0119powania cyberprzestepc\u00f3w oraz wskaza\u0142 jak post\u0119powa\u0107 gdy staniemy si\u0119 ich ofiarami. Podczas zaj\u0119\u0107 Pan Arkadiusz wykorzysta\u0142 swoj\u0105 wiedz\u0119 policyjn\u0105 i podczas pogadanki przedstawi\u0142\u00a0\u00a0 W drugiej cz\u0119\u015bci lekcji Pani Marta Chojnacka pokaza\u0142a m\u0142odzie\u017cy jak dzi\u0119ki znajomo\u015bci rachunku prawdopodobie\u0144stwa mo\u017cna oceni\u0107 si\u0142\u0119 swojego has\u0142a i w jak \u0142atwy spos\u00f3b mo\u017cemy je poprawi\u0107. Teoria po\u0142\u0105czona z praktyk\u0105.<\/p>\n<p><img decoding=\"async\" class=\"aligncenter wp-image-9289 size-large\" src=\"https:\/\/ckziusroda.edu.pl\/wp-content\/uploads\/2025\/03\/zdjecie-1-1024x1024.jpg\" alt=\"\" width=\"750\" height=\"750\" srcset=\"https:\/\/ckziusroda.edu.pl\/wp-content\/uploads\/2025\/03\/zdjecie-1-1024x1024.jpg 1024w, https:\/\/ckziusroda.edu.pl\/wp-content\/uploads\/2025\/03\/zdjecie-1-300x300.jpg 300w, https:\/\/ckziusroda.edu.pl\/wp-content\/uploads\/2025\/03\/zdjecie-1-150x150.jpg 150w, https:\/\/ckziusroda.edu.pl\/wp-content\/uploads\/2025\/03\/zdjecie-1-768x768.jpg 768w, https:\/\/ckziusroda.edu.pl\/wp-content\/uploads\/2025\/03\/zdjecie-1-70x70.jpg 70w, https:\/\/ckziusroda.edu.pl\/wp-content\/uploads\/2025\/03\/zdjecie-1-246x246.jpg 246w, https:\/\/ckziusroda.edu.pl\/wp-content\/uploads\/2025\/03\/zdjecie-1-276x276.jpg 276w, https:\/\/ckziusroda.edu.pl\/wp-content\/uploads\/2025\/03\/zdjecie-1-125x125.jpg 125w, https:\/\/ckziusroda.edu.pl\/wp-content\/uploads\/2025\/03\/zdjecie-1.jpg 1080w\" sizes=\"(max-width: 750px) 100vw, 750px\" \/><\/p>\n","protected":false},"excerpt":{"rendered":"<p>Jakie jest prawdopodobie\u0144stwo odgadni\u0119cia has\u0142a? Co zrobi\u0107 \u017ceby nasze dane by\u0142y bezpieczne i jak zachowa\u0107 sie w sytuacjach naruszenia naszych &hellip; <\/p>\n","protected":false},"author":4,"featured_media":0,"parent":0,"menu_order":0,"comment_status":"closed","ping_status":"closed","template":"","meta":{"footnotes":""},"class_list":["post-9288","page","type-page","status-publish","hentry"],"_links":{"self":[{"href":"https:\/\/ckziusroda.edu.pl\/index.php\/wp-json\/wp\/v2\/pages\/9288","targetHints":{"allow":["GET"]}}],"collection":[{"href":"https:\/\/ckziusroda.edu.pl\/index.php\/wp-json\/wp\/v2\/pages"}],"about":[{"href":"https:\/\/ckziusroda.edu.pl\/index.php\/wp-json\/wp\/v2\/types\/page"}],"author":[{"embeddable":true,"href":"https:\/\/ckziusroda.edu.pl\/index.php\/wp-json\/wp\/v2\/users\/4"}],"replies":[{"embeddable":true,"href":"https:\/\/ckziusroda.edu.pl\/index.php\/wp-json\/wp\/v2\/comments?post=9288"}],"version-history":[{"count":1,"href":"https:\/\/ckziusroda.edu.pl\/index.php\/wp-json\/wp\/v2\/pages\/9288\/revisions"}],"predecessor-version":[{"id":9290,"href":"https:\/\/ckziusroda.edu.pl\/index.php\/wp-json\/wp\/v2\/pages\/9288\/revisions\/9290"}],"wp:attachment":[{"href":"https:\/\/ckziusroda.edu.pl\/index.php\/wp-json\/wp\/v2\/media?parent=9288"}],"curies":[{"name":"wp","href":"https:\/\/api.w.org\/{rel}","templated":true}]}}