{"id":9296,"date":"2025-03-18T20:09:40","date_gmt":"2025-03-18T19:09:40","guid":{"rendered":"https:\/\/ckziusroda.edu.pl\/?page_id=9296"},"modified":"2025-03-18T20:09:40","modified_gmt":"2025-03-18T19:09:40","slug":"warsztat-zakupy-w-sieci","status":"publish","type":"page","link":"https:\/\/ckziusroda.edu.pl\/index.php\/warsztat-zakupy-w-sieci\/","title":{"rendered":"Warsztat &#8220;Zakupy w sieci&#8221;"},"content":{"rendered":"<p style=\"text-align: justify;\">Pierwszy warsztat uczniowski przeprowadzili uczniowie z Dru\u017cyny Ambasador\u00f3w Edukacji Ekonomicznej\u00a0 24.02 dla uczni\u00f3w z klasy 3 tf.\u00a0 Uczni\u00f3w przywita\u0142 prowadz\u0105cy zaj\u0119cia Jan Dolata. Spotkanie rozpocz\u0119\u0142o si\u0119 od pogadanki o zakupach, kt\u00f3re s\u0105 nasz\u0105 codzienn\u0105 czynno\u015bci\u0105. Zakupy moga by\u0107 stacjonarne, ale i online. W ka\u017cdym przypadku trzeba by\u0107 czujnym \u017ceby si\u0119 nie da\u0107 oszuka\u0107. Dru\u017cyna Ambasador\u00f3w przygotowala scenk\u0119 w sklepie chc\u0105c pokaza\u0107 na co zwracamy uwage w tradycyjnych zakupach. Nast\u0119pnie uczestnicy otrzymali memy, kt\u00f3re mia\u0142y ich nakierowa\u0107 jakie s\u0105 plus i minusy zakup\u00f3w stacjonarnych i online. Grupy zaprezentowa\u0142y wynik swojej pracy. Prowadz\u0105cy przedstawi\u0142 prezentacje dotycz\u0105c\u0105 jak zweryfikowa\u0107 sprzedawc\u00f3w w internecie i jaka zadba\u0107 o bezpiecze\u0144stwo swoich zakup\u00f3w. Warsztaty dla koleg\u00f3w \u017ce szko\u0142y okaza\u0142y si\u0119 du\u017cym wyzwaniem.<\/p>\n<p><img decoding=\"async\" class=\"aligncenter size-large wp-image-9297\" src=\"https:\/\/ckziusroda.edu.pl\/wp-content\/uploads\/2025\/03\/zdjecie-3-1024x1024.jpg\" alt=\"\" width=\"750\" height=\"750\" srcset=\"https:\/\/ckziusroda.edu.pl\/wp-content\/uploads\/2025\/03\/zdjecie-3-1024x1024.jpg 1024w, https:\/\/ckziusroda.edu.pl\/wp-content\/uploads\/2025\/03\/zdjecie-3-300x300.jpg 300w, https:\/\/ckziusroda.edu.pl\/wp-content\/uploads\/2025\/03\/zdjecie-3-150x150.jpg 150w, https:\/\/ckziusroda.edu.pl\/wp-content\/uploads\/2025\/03\/zdjecie-3-768x768.jpg 768w, https:\/\/ckziusroda.edu.pl\/wp-content\/uploads\/2025\/03\/zdjecie-3-70x70.jpg 70w, https:\/\/ckziusroda.edu.pl\/wp-content\/uploads\/2025\/03\/zdjecie-3-246x246.jpg 246w, https:\/\/ckziusroda.edu.pl\/wp-content\/uploads\/2025\/03\/zdjecie-3-276x276.jpg 276w, https:\/\/ckziusroda.edu.pl\/wp-content\/uploads\/2025\/03\/zdjecie-3-125x125.jpg 125w, https:\/\/ckziusroda.edu.pl\/wp-content\/uploads\/2025\/03\/zdjecie-3.jpg 1080w\" sizes=\"(max-width: 750px) 100vw, 750px\" \/><\/p>\n","protected":false},"excerpt":{"rendered":"<p>Pierwszy warsztat uczniowski przeprowadzili uczniowie z Dru\u017cyny Ambasador\u00f3w Edukacji Ekonomicznej\u00a0 24.02 dla uczni\u00f3w z klasy 3 tf.\u00a0 Uczni\u00f3w przywita\u0142 prowadz\u0105cy &hellip; <\/p>\n","protected":false},"author":4,"featured_media":0,"parent":0,"menu_order":0,"comment_status":"closed","ping_status":"closed","template":"","meta":{"footnotes":""},"class_list":["post-9296","page","type-page","status-publish","hentry"],"_links":{"self":[{"href":"https:\/\/ckziusroda.edu.pl\/index.php\/wp-json\/wp\/v2\/pages\/9296","targetHints":{"allow":["GET"]}}],"collection":[{"href":"https:\/\/ckziusroda.edu.pl\/index.php\/wp-json\/wp\/v2\/pages"}],"about":[{"href":"https:\/\/ckziusroda.edu.pl\/index.php\/wp-json\/wp\/v2\/types\/page"}],"author":[{"embeddable":true,"href":"https:\/\/ckziusroda.edu.pl\/index.php\/wp-json\/wp\/v2\/users\/4"}],"replies":[{"embeddable":true,"href":"https:\/\/ckziusroda.edu.pl\/index.php\/wp-json\/wp\/v2\/comments?post=9296"}],"version-history":[{"count":1,"href":"https:\/\/ckziusroda.edu.pl\/index.php\/wp-json\/wp\/v2\/pages\/9296\/revisions"}],"predecessor-version":[{"id":9298,"href":"https:\/\/ckziusroda.edu.pl\/index.php\/wp-json\/wp\/v2\/pages\/9296\/revisions\/9298"}],"wp:attachment":[{"href":"https:\/\/ckziusroda.edu.pl\/index.php\/wp-json\/wp\/v2\/media?parent=9296"}],"curies":[{"name":"wp","href":"https:\/\/api.w.org\/{rel}","templated":true}]}}