{"id":9299,"date":"2025-03-18T20:10:49","date_gmt":"2025-03-18T19:10:49","guid":{"rendered":"https:\/\/ckziusroda.edu.pl\/?page_id=9299"},"modified":"2025-03-18T20:10:49","modified_gmt":"2025-03-18T19:10:49","slug":"gra-terenowa-z-elementami-fabuly","status":"publish","type":"page","link":"https:\/\/ckziusroda.edu.pl\/index.php\/gra-terenowa-z-elementami-fabuly\/","title":{"rendered":"Gra terenowa z elementami fabu\u0142y"},"content":{"rendered":"<p style=\"text-align: justify;\">Dru\u017cyna Ambasador\u00f3w Edukacji Ekonomicznej przygotowa\u0142a gr\u0119 terenow\u0105 po szkole dla klas 2tb, 3tb, 4tb oraz 3tc. Warsztat dla prawie 80 uczni\u00f3w\u00a0 poprowadzila Zofia Kraszkiewicz. Uczniowie mieli za zadanie znale\u017a\u0107 has\u0142o do skarbca, \u017ceby to zrobi\u0107 musieli wykona\u0107 kilka zada\u0144. M\u0142odzie\u017c w trakcie ich realizacji pozna\u0142a zasady dotycz\u0105ce bezpiecznych zakup\u00f3w w sieci, zmierzy\u0142a si\u0119 z zagadkami matematycznymi, pozna\u0142a kr\u00f3tk\u0105 historie p\u0142atno\u015bci zbli\u017ceniowych w Polsce oraz systemy p\u0142atnicze, zasady dotycz\u0105ce ochrony danych osobowych oraz zapozna\u0142a si\u0119 z filmem na temat roli NBP w utrzymaniu warto\u015bci pieni\u0105dza.\u00a0 Na podstawie przes\u0142anych wynik\u00f3w wybrano najlepsza ekip\u0119.<\/p>\n<p><img decoding=\"async\" class=\"aligncenter size-large wp-image-9300\" src=\"https:\/\/ckziusroda.edu.pl\/wp-content\/uploads\/2025\/03\/zdjecie-4-1024x1024.png\" alt=\"\" width=\"750\" height=\"750\" srcset=\"https:\/\/ckziusroda.edu.pl\/wp-content\/uploads\/2025\/03\/zdjecie-4-1024x1024.png 1024w, https:\/\/ckziusroda.edu.pl\/wp-content\/uploads\/2025\/03\/zdjecie-4-300x300.png 300w, https:\/\/ckziusroda.edu.pl\/wp-content\/uploads\/2025\/03\/zdjecie-4-150x150.png 150w, https:\/\/ckziusroda.edu.pl\/wp-content\/uploads\/2025\/03\/zdjecie-4-768x768.png 768w, https:\/\/ckziusroda.edu.pl\/wp-content\/uploads\/2025\/03\/zdjecie-4-70x70.png 70w, https:\/\/ckziusroda.edu.pl\/wp-content\/uploads\/2025\/03\/zdjecie-4-246x246.png 246w, https:\/\/ckziusroda.edu.pl\/wp-content\/uploads\/2025\/03\/zdjecie-4-276x276.png 276w, https:\/\/ckziusroda.edu.pl\/wp-content\/uploads\/2025\/03\/zdjecie-4-125x125.png 125w, https:\/\/ckziusroda.edu.pl\/wp-content\/uploads\/2025\/03\/zdjecie-4.png 1080w\" sizes=\"(max-width: 750px) 100vw, 750px\" \/><\/p>\n","protected":false},"excerpt":{"rendered":"<p>Dru\u017cyna Ambasador\u00f3w Edukacji Ekonomicznej przygotowa\u0142a gr\u0119 terenow\u0105 po szkole dla klas 2tb, 3tb, 4tb oraz 3tc. Warsztat dla prawie 80 &hellip; <\/p>\n","protected":false},"author":4,"featured_media":0,"parent":0,"menu_order":0,"comment_status":"closed","ping_status":"closed","template":"","meta":{"footnotes":""},"class_list":["post-9299","page","type-page","status-publish","hentry"],"_links":{"self":[{"href":"https:\/\/ckziusroda.edu.pl\/index.php\/wp-json\/wp\/v2\/pages\/9299","targetHints":{"allow":["GET"]}}],"collection":[{"href":"https:\/\/ckziusroda.edu.pl\/index.php\/wp-json\/wp\/v2\/pages"}],"about":[{"href":"https:\/\/ckziusroda.edu.pl\/index.php\/wp-json\/wp\/v2\/types\/page"}],"author":[{"embeddable":true,"href":"https:\/\/ckziusroda.edu.pl\/index.php\/wp-json\/wp\/v2\/users\/4"}],"replies":[{"embeddable":true,"href":"https:\/\/ckziusroda.edu.pl\/index.php\/wp-json\/wp\/v2\/comments?post=9299"}],"version-history":[{"count":1,"href":"https:\/\/ckziusroda.edu.pl\/index.php\/wp-json\/wp\/v2\/pages\/9299\/revisions"}],"predecessor-version":[{"id":9301,"href":"https:\/\/ckziusroda.edu.pl\/index.php\/wp-json\/wp\/v2\/pages\/9299\/revisions\/9301"}],"wp:attachment":[{"href":"https:\/\/ckziusroda.edu.pl\/index.php\/wp-json\/wp\/v2\/media?parent=9299"}],"curies":[{"name":"wp","href":"https:\/\/api.w.org\/{rel}","templated":true}]}}