{"id":9420,"date":"2025-03-26T15:39:02","date_gmt":"2025-03-26T14:39:02","guid":{"rendered":"https:\/\/ckziusroda.edu.pl\/?page_id=9420"},"modified":"2025-03-26T15:39:02","modified_gmt":"2025-03-26T14:39:02","slug":"debata-szkolna-dlaczego-hakerzy-czesciej-atakuja-osoby-fizyczne-niz-banki-cyberbezpieczenstwo-finansow-w-xxi-wieku","status":"publish","type":"page","link":"https:\/\/ckziusroda.edu.pl\/index.php\/debata-szkolna-dlaczego-hakerzy-czesciej-atakuja-osoby-fizyczne-niz-banki-cyberbezpieczenstwo-finansow-w-xxi-wieku\/","title":{"rendered":"Debata szkolna \u201eDlaczego hakerzy cz\u0119\u015bciej atakuj\u0105 osoby fizyczne ni\u017c banki? Cyberbezpiecze\u0144stwo finans\u00f3w w XXI wieku\u201d."},"content":{"rendered":"<p style=\"text-align: justify;\">20 marca 2025 roku w CKZIU odby\u0142a si\u0119 debata szkolna na temat \u201eDlaczego hakerzy cz\u0119\u015bciej atakuj\u0105 osoby fizyczne ni\u017c banki? Cyberbezpiecze\u0144stwo finans\u00f3w w XXI wieku\u201d. Do udzia\u0142u w debacie zaproszono : przedstawicieli Komendy Powiatowej Policji w \u015arodzie Wielkopolskiej &#8211; Pani\u0105 m\u0142odsz\u0105 aspirant Anne Mistersk\u0105 oraz Pani\u0105 m\u0142odsz\u0105 aspirant Alicj\u0119 Marcinkowsk\u0105, nauczyciela Centrum Kszta\u0142cenia Zawodowego i Ustawicznego oraz wieloletniego pracownika banku Pani\u0105 Magdalen\u0119 Kapitaniak, jak tak\u017ce skarbnika powiatu i wieloletniego dyrektora banku komercyjnego Pana Paw\u0142a Tomczaka.<\/p>\n<p style=\"text-align: justify;\">Debat\u0119 prowadzi\u0142o dw\u00f3ch cz\u0142onk\u00f3w dru\u017cyny: Jan Dolata i Micha\u0142 Wieczorek, kt\u00f3rzy byli jej moderatorami. Debat\u0119 rozpocz\u0119li od przywitania go\u015bci, a nast\u0119pnie wprowadzili uczestnik\u00f3w w temat. Ka\u017cdy z ekspert\u00f3w mia\u0142 6 minut na wypowied\u017a i przedstawienie swoich argument\u00f3w do postawionej przez dru\u017cyn\u0119 ambasador\u00f3w tezy : Hakerzy cz\u0119\u015bciej wybieraj\u0105 osoby fizyczne jako cel atak\u00f3w ni\u017c instytucje bankowe, poniewa\u017c jednostki s\u0105 \u0142atwiejszym celem ze wzgl\u0119du na niski poziom zabezpiecze\u0144 i brak \u015bwiadomo\u015bci zagro\u017ce\u0144. Eksperci przedstawili praktyczne poparcie przedstawionej przez uczni\u00f3w tezy, jednak przedstawili r\u00f3wnie\u017c kilka argument\u00f3w przeciw. Wskazali, \u017ce osoby fizyczne s\u0105 \u0142atwiejszym celem, poniewa\u017c cz\u0119sto u\u017cywaj\u0105 s\u0142abych hase\u0142 i nie stosuj\u0105 zaawansowanych zabezpiecze\u0144. Przedstawiciele policji pokazali m\u0142odzie\u017cy realne przyk\u0142ady oszustw, kt\u00f3re dziej\u0105 si\u0119 w\u0142a\u015bciwie codziennie na naszym terenie. Wskazali proste wskaz\u00f3wki na co zwraca\u0107 uwag\u0119. Istotne jest, \u017ce indywidualni u\u017cytkownicy maj\u0105 mniej \u015brodk\u00f3w na ochron\u0119 cybernetyczn\u0105 ni\u017c banki, kt\u00f3re inwestuj\u0105 w zaawansowane systemy zabezpiecze\u0144. Jednak klienci cz\u0119sto nie korzystaj\u0105 z posiadanych zabezpiecze\u0144 w\u0142a\u015bciwie. Eksperci wskazali, \u017ce najcz\u0119stszym problemem w cyberbezpiecze\u0144stwie jest czynnik ludzki i nasza rutyna, kt\u00f3ra powoduje, \u017ce za s\u0142abo dbamy o w\u0142asne bezpiecze\u0144stwo. Jednocze\u015bnie zauwa\u017cyli, \u017ce hakerzy atakuj\u0105 banki i du\u017ce instytucje, poniewa\u017c potencjalne zyski s\u0105 wi\u0119ksze. Banki s\u0105 celem atak\u00f3w i wyciek\u00f3w danych, kt\u00f3re mog\u0105 przynie\u015b\u0107 ogromne korzy\u015bci finansowe. Chocia\u017c osoby fizyczne padaj\u0105 ofiar\u0105 oszustw, to skala atak\u00f3w na banki jest wi\u0119ksza pod wzgl\u0119dem warto\u015bci skradzionych \u015brodk\u00f3w. Po wyst\u0105pieniach ekspert\u00f3w nast\u0105pi\u0142a kr\u00f3tka wymiana zda\u0144 mi\u0119dzy nimi, a nast\u0119pnie prowadz\u0105cy zaprosili m\u0142odzie\u017c do zadawania pyta\u0144. W trakcie debaty pad\u0142y mi\u0119dzy innymi pytania dotycz\u0105ce sposob\u00f3w walki z cyberbezpiecze\u0144stwem oraz kar z tym zwi\u0105zanych, wskaz\u00f3wek dotycz\u0105cych metod dzia\u0142ania oszust\u00f3w i wykorzystywanych przez nich technik manipulacji, zasad kt\u00f3re warto przestrzega\u0107 \u017ceby si\u0119 nie da\u0107 okra\u015b\u0107.<\/p>\n<p style=\"text-align: justify;\">Prowadz\u0105cy podsumowali przedstawione argumenty ekspert\u00f3w. Podzi\u0119kowali za aktywny udzia\u0142 zar\u00f3wno ekspertom jak i m\u0142odzie\u017cy. Uczestnicy debaty poszerzyli wiedz\u0119 o cyberzagro\u017ceniach, dowiedzieli si\u0119, jakie b\u0142\u0119dy i zaniedbania sprawiaj\u0105, \u017ce ludzie s\u0105 podatni na cyberataki. Otrzymali jednocze\u015bnie praktyczne wskaz\u00f3wki dotycz\u0105ce bezpiecze\u0144stwa w sieci. Taka debata przyczyni\u0142a si\u0119 do wi\u0119kszej \u015bwiadomo\u015bci spo\u0142ecznej na temat cyberzagro\u017ce\u0144 i wp\u0142yn\u0119\u0142a na uczestnik\u00f3w do podejmowania lepszych decyzji dotycz\u0105cych bezpiecze\u0144stwa w sieci.<\/p>\n<p style=\"text-align: center;\"><div class=\"su-youtube su-u-responsive-media-yes\"><iframe width=\"400\" height=\"300\" src=\"https:\/\/www.youtube.com\/embed\/s2IdPZsRmWQ?\" frameborder=\"0\" allowfullscreen allow=\"autoplay; encrypted-media; picture-in-picture\" title=\"FAMILIADA - Z\u0141OTA SZKO\u0141A NBP\"><\/iframe><\/div>\n","protected":false},"excerpt":{"rendered":"<p>20 marca 2025 roku w CKZIU odby\u0142a si\u0119 debata szkolna na temat \u201eDlaczego hakerzy cz\u0119\u015bciej atakuj\u0105 osoby fizyczne ni\u017c banki? &hellip; <\/p>\n","protected":false},"author":4,"featured_media":0,"parent":0,"menu_order":0,"comment_status":"closed","ping_status":"closed","template":"","meta":{"footnotes":""},"class_list":["post-9420","page","type-page","status-publish","hentry"],"_links":{"self":[{"href":"https:\/\/ckziusroda.edu.pl\/index.php\/wp-json\/wp\/v2\/pages\/9420","targetHints":{"allow":["GET"]}}],"collection":[{"href":"https:\/\/ckziusroda.edu.pl\/index.php\/wp-json\/wp\/v2\/pages"}],"about":[{"href":"https:\/\/ckziusroda.edu.pl\/index.php\/wp-json\/wp\/v2\/types\/page"}],"author":[{"embeddable":true,"href":"https:\/\/ckziusroda.edu.pl\/index.php\/wp-json\/wp\/v2\/users\/4"}],"replies":[{"embeddable":true,"href":"https:\/\/ckziusroda.edu.pl\/index.php\/wp-json\/wp\/v2\/comments?post=9420"}],"version-history":[{"count":1,"href":"https:\/\/ckziusroda.edu.pl\/index.php\/wp-json\/wp\/v2\/pages\/9420\/revisions"}],"predecessor-version":[{"id":9421,"href":"https:\/\/ckziusroda.edu.pl\/index.php\/wp-json\/wp\/v2\/pages\/9420\/revisions\/9421"}],"wp:attachment":[{"href":"https:\/\/ckziusroda.edu.pl\/index.php\/wp-json\/wp\/v2\/media?parent=9420"}],"curies":[{"name":"wp","href":"https:\/\/api.w.org\/{rel}","templated":true}]}}